{"id":1240,"date":"2025-10-06T16:09:27","date_gmt":"2025-10-06T16:09:27","guid":{"rendered":"https:\/\/ortho-rev.cl\/?page_id=1240"},"modified":"2025-12-10T13:32:03","modified_gmt":"2025-12-10T13:32:03","slug":"testimonios","status":"publish","type":"page","link":"https:\/\/ortho-rev.cl\/index.php\/testimonios\/","title":{"rendered":"TESTIMONIOS"},"content":{"rendered":"\t\t<div data-elementor-type=\"wp-page\" data-elementor-id=\"1240\" class=\"elementor elementor-1240\" data-elementor-post-type=\"page\">\n\t\t\t\t<div class=\"elementor-element elementor-element-8c405de e-flex e-con-boxed e-con e-parent\" data-id=\"8c405de\" data-element_type=\"container\">\n\t\t\t\t\t<div class=\"e-con-inner\">\n\t\t\t\t<div class=\"elementor-element elementor-element-5207879 elementor-widget elementor-widget-heading\" data-id=\"5207879\" data-element_type=\"widget\" data-widget_type=\"heading.default\">\n\t\t\t\t<div class=\"elementor-widget-container\">\n\t\t\t\t\t<h2 class=\"elementor-heading-title elementor-size-default\">Testimonios<\/h2>\t\t\t\t<\/div>\n\t\t\t\t<\/div>\n\t\t\t\t\t<\/div>\n\t\t\t\t<\/div>\n\t\t<div class=\"elementor-element elementor-element-5caf260 e-flex e-con-boxed e-con e-parent\" data-id=\"5caf260\" data-element_type=\"container\">\n\t\t\t\t\t<div class=\"e-con-inner\">\n\t\t<div class=\"elementor-element elementor-element-c93c1cf e-con-full e-flex e-con e-child\" data-id=\"c93c1cf\" data-element_type=\"container\">\n\t\t\t\t<div class=\"elementor-element elementor-element-b7c758f elementor-widget elementor-widget-video\" data-id=\"b7c758f\" data-element_type=\"widget\" data-settings=\"{&quot;youtube_url&quot;:&quot;https:\\\/\\\/youtu.be\\\/Jv7veXQg2dg&quot;,&quot;show_image_overlay&quot;:&quot;yes&quot;,&quot;image_overlay&quot;:{&quot;url&quot;:&quot;https:\\\/\\\/ortho-rev.cl\\\/wp-content\\\/uploads\\\/2025\\\/05\\\/Captura-de-pantalla-2025-05-01-a-las-12.53.45.png&quot;,&quot;id&quot;:764,&quot;size&quot;:&quot;&quot;,&quot;alt&quot;:&quot;&quot;,&quot;source&quot;:&quot;library&quot;},&quot;video_type&quot;:&quot;youtube&quot;,&quot;controls&quot;:&quot;yes&quot;}\" data-widget_type=\"video.default\">\n\t\t\t\t<div class=\"elementor-widget-container\">\n\t\t\t\t\t\t\t<div class=\"elementor-wrapper elementor-open-inline\">\n\t\t\t<div class=\"elementor-video\"><\/div>\t\t\t\t<div class=\"elementor-custom-embed-image-overlay\" style=\"background-image: url(https:\/\/ortho-rev.cl\/wp-content\/uploads\/2025\/05\/Captura-de-pantalla-2025-05-01-a-las-12.53.45.png);\">\n\t\t\t\t\t\t\t\t\t\t\t\t\t\t\t\t<div class=\"elementor-custom-embed-play\" role=\"button\" aria-label=\"Reproducir v\u00eddeo\" tabindex=\"0\">\n\t\t\t\t\t\t\t<svg aria-hidden=\"true\" class=\"e-font-icon-svg e-eicon-play\" viewBox=\"0 0 1000 1000\" xmlns=\"http:\/\/www.w3.org\/2000\/svg\"><path d=\"M838 162C746 71 633 25 500 25 371 25 258 71 163 162 71 254 25 367 25 500 25 633 71 746 163 837 254 929 367 979 500 979 633 979 746 933 838 837 929 746 975 633 975 500 975 367 929 254 838 162M808 192C892 279 933 379 933 500 933 621 892 725 808 808 725 892 621 938 500 938 379 938 279 896 196 808 113 725 67 621 67 500 67 379 108 279 196 192 279 108 383 62 500 62 621 62 721 108 808 192M438 392V642L642 517 438 392Z\"><\/path><\/svg>\t\t\t\t\t\t<\/div>\n\t\t\t\t\t\t\t\t\t<\/div>\n\t\t\t\t\t<\/div>\n\t\t\t\t\t\t<\/div>\n\t\t\t\t<\/div>\n\t\t\t\t<\/div>\n\t\t<div class=\"elementor-element elementor-element-e7d0ece e-con-full e-flex e-con e-child\" data-id=\"e7d0ece\" data-element_type=\"container\">\n\t\t\t\t<div class=\"elementor-element elementor-element-c8888b0 elementor-widget elementor-widget-video\" data-id=\"c8888b0\" data-element_type=\"widget\" data-settings=\"{&quot;youtube_url&quot;:&quot;https:\\\/\\\/youtu.be\\\/zSAjUtKSui0&quot;,&quot;show_image_overlay&quot;:&quot;yes&quot;,&quot;image_overlay&quot;:{&quot;url&quot;:&quot;https:\\\/\\\/ortho-rev.cl\\\/wp-content\\\/uploads\\\/2025\\\/05\\\/Captura-de-pantalla-2025-05-01-a-las-12.52.15.png&quot;,&quot;id&quot;:762,&quot;size&quot;:&quot;&quot;,&quot;alt&quot;:&quot;&quot;,&quot;source&quot;:&quot;library&quot;},&quot;video_type&quot;:&quot;youtube&quot;,&quot;controls&quot;:&quot;yes&quot;}\" data-widget_type=\"video.default\">\n\t\t\t\t<div class=\"elementor-widget-container\">\n\t\t\t\t\t\t\t<div class=\"elementor-wrapper elementor-open-inline\">\n\t\t\t<div class=\"elementor-video\"><\/div>\t\t\t\t<div class=\"elementor-custom-embed-image-overlay\" style=\"background-image: url(https:\/\/ortho-rev.cl\/wp-content\/uploads\/2025\/05\/Captura-de-pantalla-2025-05-01-a-las-12.52.15.png);\">\n\t\t\t\t\t\t\t\t\t\t\t\t\t\t\t\t<div class=\"elementor-custom-embed-play\" role=\"button\" aria-label=\"Reproducir v\u00eddeo\" tabindex=\"0\">\n\t\t\t\t\t\t\t<svg aria-hidden=\"true\" class=\"e-font-icon-svg e-eicon-play\" viewBox=\"0 0 1000 1000\" xmlns=\"http:\/\/www.w3.org\/2000\/svg\"><path d=\"M838 162C746 71 633 25 500 25 371 25 258 71 163 162 71 254 25 367 25 500 25 633 71 746 163 837 254 929 367 979 500 979 633 979 746 933 838 837 929 746 975 633 975 500 975 367 929 254 838 162M808 192C892 279 933 379 933 500 933 621 892 725 808 808 725 892 621 938 500 938 379 938 279 896 196 808 113 725 67 621 67 500 67 379 108 279 196 192 279 108 383 62 500 62 621 62 721 108 808 192M438 392V642L642 517 438 392Z\"><\/path><\/svg>\t\t\t\t\t\t<\/div>\n\t\t\t\t\t\t\t\t\t<\/div>\n\t\t\t\t\t<\/div>\n\t\t\t\t\t\t<\/div>\n\t\t\t\t<\/div>\n\t\t\t\t<\/div>\n\t\t<div class=\"elementor-element elementor-element-a8ab770 e-con-full e-flex e-con e-child\" data-id=\"a8ab770\" data-element_type=\"container\">\n\t\t\t\t<div class=\"elementor-element elementor-element-95e587d elementor-widget elementor-widget-video\" data-id=\"95e587d\" data-element_type=\"widget\" data-settings=\"{&quot;youtube_url&quot;:&quot;https:\\\/\\\/youtu.be\\\/AeYCd0KUPg4&quot;,&quot;show_image_overlay&quot;:&quot;yes&quot;,&quot;image_overlay&quot;:{&quot;url&quot;:&quot;https:\\\/\\\/ortho-rev.cl\\\/wp-content\\\/uploads\\\/2025\\\/05\\\/Captura-de-pantalla-2025-05-01-a-las-12.53.04.png&quot;,&quot;id&quot;:763,&quot;size&quot;:&quot;&quot;,&quot;alt&quot;:&quot;&quot;,&quot;source&quot;:&quot;library&quot;},&quot;video_type&quot;:&quot;youtube&quot;,&quot;controls&quot;:&quot;yes&quot;}\" data-widget_type=\"video.default\">\n\t\t\t\t<div class=\"elementor-widget-container\">\n\t\t\t\t\t\t\t<div class=\"elementor-wrapper elementor-open-inline\">\n\t\t\t<div class=\"elementor-video\"><\/div>\t\t\t\t<div class=\"elementor-custom-embed-image-overlay\" style=\"background-image: url(https:\/\/ortho-rev.cl\/wp-content\/uploads\/2025\/05\/Captura-de-pantalla-2025-05-01-a-las-12.53.04.png);\">\n\t\t\t\t\t\t\t\t\t\t\t\t\t\t\t\t<div class=\"elementor-custom-embed-play\" role=\"button\" aria-label=\"Reproducir v\u00eddeo\" tabindex=\"0\">\n\t\t\t\t\t\t\t<svg aria-hidden=\"true\" class=\"e-font-icon-svg e-eicon-play\" viewBox=\"0 0 1000 1000\" xmlns=\"http:\/\/www.w3.org\/2000\/svg\"><path d=\"M838 162C746 71 633 25 500 25 371 25 258 71 163 162 71 254 25 367 25 500 25 633 71 746 163 837 254 929 367 979 500 979 633 979 746 933 838 837 929 746 975 633 975 500 975 367 929 254 838 162M808 192C892 279 933 379 933 500 933 621 892 725 808 808 725 892 621 938 500 938 379 938 279 896 196 808 113 725 67 621 67 500 67 379 108 279 196 192 279 108 383 62 500 62 621 62 721 108 808 192M438 392V642L642 517 438 392Z\"><\/path><\/svg>\t\t\t\t\t\t<\/div>\n\t\t\t\t\t\t\t\t\t<\/div>\n\t\t\t\t\t<\/div>\n\t\t\t\t\t\t<\/div>\n\t\t\t\t<\/div>\n\t\t\t\t<\/div>\n\t\t<div class=\"elementor-element elementor-element-a03f81d e-con-full e-flex e-con e-child\" data-id=\"a03f81d\" data-element_type=\"container\">\n\t\t\t\t<div class=\"elementor-element elementor-element-4e164c9 elementor-widget elementor-widget-video\" data-id=\"4e164c9\" data-element_type=\"widget\" data-settings=\"{&quot;youtube_url&quot;:&quot;https:\\\/\\\/youtu.be\\\/5KIJ7HnkUdk&quot;,&quot;show_image_overlay&quot;:&quot;yes&quot;,&quot;image_overlay&quot;:{&quot;url&quot;:&quot;&quot;,&quot;id&quot;:&quot;&quot;,&quot;size&quot;:&quot;&quot;,&quot;alt&quot;:&quot;&quot;,&quot;source&quot;:&quot;library&quot;},&quot;video_type&quot;:&quot;youtube&quot;,&quot;controls&quot;:&quot;yes&quot;}\" data-widget_type=\"video.default\">\n\t\t\t\t<div class=\"elementor-widget-container\">\n\t\t\t\t\t\t\t<div class=\"elementor-wrapper elementor-open-inline\">\n\t\t\t<div class=\"elementor-video\"><\/div>\t\t<\/div>\n\t\t\t\t\t\t<\/div>\n\t\t\t\t<\/div>\n\t\t\t\t<\/div>\n\t\t\t\t\t<\/div>\n\t\t\t\t<\/div>\n\t\t\t\t<\/div>\n\t\t","protected":false},"excerpt":{"rendered":"<p>Testimonios https:\/\/youtu.be\/Jv7veXQg2dghttps:\/\/youtu.be\/zSAjUtKSui0https:\/\/youtu.be\/AeYCd0KUPg4https:\/\/youtu.be\/5KIJ7HnkUdk<\/p>\n","protected":false},"author":3,"featured_media":0,"parent":0,"menu_order":0,"comment_status":"closed","ping_status":"closed","template":"","meta":{"footnotes":""},"class_list":["post-1240","page","type-page","status-publish","hentry"],"yoast_head":"<!-- This site is optimized with the Yoast SEO plugin v25.2 - https:\/\/yoast.com\/wordpress\/plugins\/seo\/ -->\n<title>TESTIMONIOS - ortho-rev<\/title>\n<meta name=\"robots\" content=\"index, follow, max-snippet:-1, max-image-preview:large, max-video-preview:-1\" \/>\n<link rel=\"canonical\" href=\"https:\/\/ortho-rev.cl\/index.php\/testimonios\/\" \/>\n<meta property=\"og:locale\" content=\"es_ES\" \/>\n<meta property=\"og:type\" content=\"article\" \/>\n<meta property=\"og:title\" content=\"TESTIMONIOS - ortho-rev\" \/>\n<meta property=\"og:description\" content=\"Testimonios https:\/\/youtu.be\/Jv7veXQg2dghttps:\/\/youtu.be\/zSAjUtKSui0https:\/\/youtu.be\/AeYCd0KUPg4https:\/\/youtu.be\/5KIJ7HnkUdk\" \/>\n<meta property=\"og:url\" content=\"https:\/\/ortho-rev.cl\/index.php\/testimonios\/\" \/>\n<meta property=\"og:site_name\" content=\"ortho-rev\" \/>\n<meta property=\"article:modified_time\" content=\"2025-12-10T13:32:03+00:00\" \/>\n<meta name=\"twitter:card\" content=\"summary_large_image\" \/>\n<meta name=\"twitter:label1\" content=\"Tiempo de lectura\" \/>\n\t<meta name=\"twitter:data1\" content=\"1 minuto\" \/>\n<script type=\"application\/ld+json\" class=\"yoast-schema-graph\">{\"@context\":\"https:\/\/schema.org\",\"@graph\":[{\"@type\":\"WebPage\",\"@id\":\"https:\/\/ortho-rev.cl\/index.php\/testimonios\/\",\"url\":\"https:\/\/ortho-rev.cl\/index.php\/testimonios\/\",\"name\":\"TESTIMONIOS - ortho-rev\",\"isPartOf\":{\"@id\":\"https:\/\/ortho-rev.cl\/#website\"},\"datePublished\":\"2025-10-06T16:09:27+00:00\",\"dateModified\":\"2025-12-10T13:32:03+00:00\",\"breadcrumb\":{\"@id\":\"https:\/\/ortho-rev.cl\/index.php\/testimonios\/#breadcrumb\"},\"inLanguage\":\"es\",\"potentialAction\":[{\"@type\":\"ReadAction\",\"target\":[\"https:\/\/ortho-rev.cl\/index.php\/testimonios\/\"]}]},{\"@type\":\"BreadcrumbList\",\"@id\":\"https:\/\/ortho-rev.cl\/index.php\/testimonios\/#breadcrumb\",\"itemListElement\":[{\"@type\":\"ListItem\",\"position\":1,\"name\":\"Portada\",\"item\":\"https:\/\/ortho-rev.cl\/\"},{\"@type\":\"ListItem\",\"position\":2,\"name\":\"TESTIMONIOS\"}]},{\"@type\":\"WebSite\",\"@id\":\"https:\/\/ortho-rev.cl\/#website\",\"url\":\"https:\/\/ortho-rev.cl\/\",\"name\":\"ortho-rev\",\"description\":\"En Ortho-Rev combinamos tecnolog\u00eda 3D, experiencia cl\u00ednica y atenci\u00f3n personalizada para dise\u00f1ar tratamientos de ortodoncia precisos y efectivos. Nos enfocamos en la salud integral del sistema dentomaxilofacial, acompa\u00f1\u00e1ndote paso a paso hacia una sonrisa funcional y arm\u00f3nica.\",\"publisher\":{\"@id\":\"https:\/\/ortho-rev.cl\/#organization\"},\"potentialAction\":[{\"@type\":\"SearchAction\",\"target\":{\"@type\":\"EntryPoint\",\"urlTemplate\":\"https:\/\/ortho-rev.cl\/?s={search_term_string}\"},\"query-input\":{\"@type\":\"PropertyValueSpecification\",\"valueRequired\":true,\"valueName\":\"search_term_string\"}}],\"inLanguage\":\"es\"},{\"@type\":\"Organization\",\"@id\":\"https:\/\/ortho-rev.cl\/#organization\",\"name\":\"ortho-rev\",\"url\":\"https:\/\/ortho-rev.cl\/\",\"logo\":{\"@type\":\"ImageObject\",\"inLanguage\":\"es\",\"@id\":\"https:\/\/ortho-rev.cl\/#\/schema\/logo\/image\/\",\"url\":\"https:\/\/ortho-rev.cl\/wp-content\/uploads\/2025\/04\/LOGO-ORTHO-REV-ADVANCED-DENTISTRY-BLANCO.png\",\"contentUrl\":\"https:\/\/ortho-rev.cl\/wp-content\/uploads\/2025\/04\/LOGO-ORTHO-REV-ADVANCED-DENTISTRY-BLANCO.png\",\"width\":2551,\"height\":554,\"caption\":\"ortho-rev\"},\"image\":{\"@id\":\"https:\/\/ortho-rev.cl\/#\/schema\/logo\/image\/\"}}]}<\/script>\n<!-- \/ Yoast SEO plugin. -->","yoast_head_json":{"title":"TESTIMONIOS - ortho-rev","robots":{"index":"index","follow":"follow","max-snippet":"max-snippet:-1","max-image-preview":"max-image-preview:large","max-video-preview":"max-video-preview:-1"},"canonical":"https:\/\/ortho-rev.cl\/index.php\/testimonios\/","og_locale":"es_ES","og_type":"article","og_title":"TESTIMONIOS - ortho-rev","og_description":"Testimonios https:\/\/youtu.be\/Jv7veXQg2dghttps:\/\/youtu.be\/zSAjUtKSui0https:\/\/youtu.be\/AeYCd0KUPg4https:\/\/youtu.be\/5KIJ7HnkUdk","og_url":"https:\/\/ortho-rev.cl\/index.php\/testimonios\/","og_site_name":"ortho-rev","article_modified_time":"2025-12-10T13:32:03+00:00","twitter_card":"summary_large_image","twitter_misc":{"Tiempo de lectura":"1 minuto"},"schema":{"@context":"https:\/\/schema.org","@graph":[{"@type":"WebPage","@id":"https:\/\/ortho-rev.cl\/index.php\/testimonios\/","url":"https:\/\/ortho-rev.cl\/index.php\/testimonios\/","name":"TESTIMONIOS - ortho-rev","isPartOf":{"@id":"https:\/\/ortho-rev.cl\/#website"},"datePublished":"2025-10-06T16:09:27+00:00","dateModified":"2025-12-10T13:32:03+00:00","breadcrumb":{"@id":"https:\/\/ortho-rev.cl\/index.php\/testimonios\/#breadcrumb"},"inLanguage":"es","potentialAction":[{"@type":"ReadAction","target":["https:\/\/ortho-rev.cl\/index.php\/testimonios\/"]}]},{"@type":"BreadcrumbList","@id":"https:\/\/ortho-rev.cl\/index.php\/testimonios\/#breadcrumb","itemListElement":[{"@type":"ListItem","position":1,"name":"Portada","item":"https:\/\/ortho-rev.cl\/"},{"@type":"ListItem","position":2,"name":"TESTIMONIOS"}]},{"@type":"WebSite","@id":"https:\/\/ortho-rev.cl\/#website","url":"https:\/\/ortho-rev.cl\/","name":"ortho-rev","description":"En Ortho-Rev combinamos tecnolog\u00eda 3D, experiencia cl\u00ednica y atenci\u00f3n personalizada para dise\u00f1ar tratamientos de ortodoncia precisos y efectivos. Nos enfocamos en la salud integral del sistema dentomaxilofacial, acompa\u00f1\u00e1ndote paso a paso hacia una sonrisa funcional y arm\u00f3nica.","publisher":{"@id":"https:\/\/ortho-rev.cl\/#organization"},"potentialAction":[{"@type":"SearchAction","target":{"@type":"EntryPoint","urlTemplate":"https:\/\/ortho-rev.cl\/?s={search_term_string}"},"query-input":{"@type":"PropertyValueSpecification","valueRequired":true,"valueName":"search_term_string"}}],"inLanguage":"es"},{"@type":"Organization","@id":"https:\/\/ortho-rev.cl\/#organization","name":"ortho-rev","url":"https:\/\/ortho-rev.cl\/","logo":{"@type":"ImageObject","inLanguage":"es","@id":"https:\/\/ortho-rev.cl\/#\/schema\/logo\/image\/","url":"https:\/\/ortho-rev.cl\/wp-content\/uploads\/2025\/04\/LOGO-ORTHO-REV-ADVANCED-DENTISTRY-BLANCO.png","contentUrl":"https:\/\/ortho-rev.cl\/wp-content\/uploads\/2025\/04\/LOGO-ORTHO-REV-ADVANCED-DENTISTRY-BLANCO.png","width":2551,"height":554,"caption":"ortho-rev"},"image":{"@id":"https:\/\/ortho-rev.cl\/#\/schema\/logo\/image\/"}}]}},"jetpack_sharing_enabled":true,"_links":{"self":[{"href":"https:\/\/ortho-rev.cl\/index.php\/wp-json\/wp\/v2\/pages\/1240","targetHints":{"allow":["GET"]}}],"collection":[{"href":"https:\/\/ortho-rev.cl\/index.php\/wp-json\/wp\/v2\/pages"}],"about":[{"href":"https:\/\/ortho-rev.cl\/index.php\/wp-json\/wp\/v2\/types\/page"}],"author":[{"embeddable":true,"href":"https:\/\/ortho-rev.cl\/index.php\/wp-json\/wp\/v2\/users\/3"}],"replies":[{"embeddable":true,"href":"https:\/\/ortho-rev.cl\/index.php\/wp-json\/wp\/v2\/comments?post=1240"}],"version-history":[{"count":32,"href":"https:\/\/ortho-rev.cl\/index.php\/wp-json\/wp\/v2\/pages\/1240\/revisions"}],"predecessor-version":[{"id":1452,"href":"https:\/\/ortho-rev.cl\/index.php\/wp-json\/wp\/v2\/pages\/1240\/revisions\/1452"}],"wp:attachment":[{"href":"https:\/\/ortho-rev.cl\/index.php\/wp-json\/wp\/v2\/media?parent=1240"}],"curies":[{"name":"wp","href":"https:\/\/api.w.org\/{rel}","templated":true}]}}