{"id":13,"date":"2025-04-19T13:51:10","date_gmt":"2025-04-19T13:51:10","guid":{"rendered":"https:\/\/ortho-rev.cl\/?page_id=13"},"modified":"2025-12-10T19:03:07","modified_gmt":"2025-12-10T19:03:07","slug":"por-que-elegirnos","status":"publish","type":"page","link":"https:\/\/ortho-rev.cl\/index.php\/por-que-elegirnos\/","title":{"rendered":"\u00bfPOR QU\u00c9 ELEGIR OTHO-REV?"},"content":{"rendered":"\t\t<div data-elementor-type=\"wp-page\" data-elementor-id=\"13\" class=\"elementor elementor-13\" data-elementor-post-type=\"page\">\n\t\t\t\t<div class=\"elementor-element elementor-element-e71fa67 e-con-full e-flex e-con e-parent\" data-id=\"e71fa67\" data-element_type=\"container\" data-settings=\"{&quot;background_background&quot;:&quot;classic&quot;}\">\n\t\t<div class=\"elementor-element elementor-element-7ce0660 e-flex e-con-boxed e-con e-child\" data-id=\"7ce0660\" data-element_type=\"container\">\n\t\t\t\t\t<div class=\"e-con-inner\">\n\t\t\t\t<div class=\"elementor-element elementor-element-af1efbc elementor-widget-mobile__width-initial elementor-invisible elementor-widget elementor-widget-text-editor\" data-id=\"af1efbc\" data-element_type=\"widget\" data-settings=\"{&quot;_animation&quot;:&quot;fadeIn&quot;}\" data-widget_type=\"text-editor.default\">\n\t\t\t\t<div class=\"elementor-widget-container\">\n\t\t\t\t\t\t\t\t\t<p><b>En Ortho-Rev brindamos un enfoque multidisciplinario que combina innovaci\u00f3n tecnol\u00f3gica y la experiencia de especialistas en todas las \u00e1reas de la odontolog\u00eda para ofrecer diagn\u00f3sticos precisos y tratamientos personalizados.<\/b><\/p>\t\t\t\t\t\t\t\t<\/div>\n\t\t\t\t<\/div>\n\t\t\t\t\t<\/div>\n\t\t\t\t<\/div>\n\t\t\t\t<\/div>\n\t\t<div class=\"elementor-element elementor-element-841545f e-flex e-con-boxed e-con e-parent\" data-id=\"841545f\" data-element_type=\"container\" data-settings=\"{&quot;background_background&quot;:&quot;classic&quot;}\">\n\t\t\t\t\t<div class=\"e-con-inner\">\n\t\t<div class=\"elementor-element elementor-element-2ba81e6 e-con-full e-flex e-con e-child\" data-id=\"2ba81e6\" data-element_type=\"container\">\n\t\t\t\t<div class=\"elementor-element elementor-element-48e4184 elementor-invisible elementor-widget elementor-widget-image\" data-id=\"48e4184\" data-element_type=\"widget\" data-settings=\"{&quot;_animation&quot;:&quot;fadeInLeft&quot;}\" data-widget_type=\"image.default\">\n\t\t\t\t<div class=\"elementor-widget-container\">\n\t\t\t\t\t\t\t\t\t\t\t\t\t\t\t<img fetchpriority=\"high\" decoding=\"async\" width=\"545\" height=\"526\" src=\"https:\/\/ortho-rev.cl\/wp-content\/uploads\/2025\/07\/por-que-elegirnos-1.webp\" class=\"attachment-full size-full wp-image-1102\" alt=\"\" srcset=\"https:\/\/ortho-rev.cl\/wp-content\/uploads\/2025\/07\/por-que-elegirnos-1.webp 545w, https:\/\/ortho-rev.cl\/wp-content\/uploads\/2025\/07\/por-que-elegirnos-1-300x290.webp 300w\" sizes=\"(max-width: 545px) 100vw, 545px\" \/>\t\t\t\t\t\t\t\t\t\t\t\t\t\t\t<\/div>\n\t\t\t\t<\/div>\n\t\t\t\t<\/div>\n\t\t<div class=\"elementor-element elementor-element-ce90e19 e-con-full e-flex e-con e-child\" data-id=\"ce90e19\" data-element_type=\"container\">\n\t\t\t\t<div class=\"elementor-element elementor-element-0b546b9 elementor-invisible elementor-widget elementor-widget-text-editor\" data-id=\"0b546b9\" data-element_type=\"widget\" data-settings=\"{&quot;_animation&quot;:&quot;fadeInRight&quot;}\" data-widget_type=\"text-editor.default\">\n\t\t\t\t<div class=\"elementor-widget-container\">\n\t\t\t\t\t\t\t\t\t<p><strong>Diagn\u00f3stico Integral y Preciso:<\/strong><\/p><p>Realizamos una evaluaci\u00f3n completa de la salud bucodental y del sistema dentomaxilofacial mediante tecnolog\u00eda 3D de alta precisi\u00f3n. Este enfoque nos permite obtener una visi\u00f3n detallada y planificar tratamientos personalizados con la m\u00e1xima exactitud, garantizando estabilidad y efectividad a largo plazo.<\/p><p><strong>Tecnolog\u00eda de Vanguardia:\u00a0<\/strong><\/p><p>Incorporamos equipos de \u00faltima generaci\u00f3n para capturar im\u00e1genes tridimensionales que nos permiten un seguimiento digital preciso en cada etapa del tratamiento, optimizando los resultados.<\/p><p><strong>Equipo de Excelencia:<\/strong>\u00a0<\/p><p>Contamos con especialistas altamente calificados y reconocidos en todas las \u00e1reas de la odontolog\u00eda. Nuestro equipo se mantiene en constante actualizaci\u00f3n, aplicando las t\u00e9cnicas m\u00e1s avanzadas y bas\u00e1ndose en la mejor evidencia cient\u00edfica para garantizar tratamientos de la m\u00e1s alta calidad y seguridad para nuestros pacientes.<\/p>\t\t\t\t\t\t\t\t<\/div>\n\t\t\t\t<\/div>\n\t\t\t\t<\/div>\n\t\t\t\t\t<\/div>\n\t\t\t\t<\/div>\n\t\t<div class=\"elementor-element elementor-element-278d18e e-flex e-con-boxed e-con e-parent\" data-id=\"278d18e\" data-element_type=\"container\" data-settings=\"{&quot;background_background&quot;:&quot;classic&quot;}\">\n\t\t\t\t\t<div class=\"e-con-inner\">\n\t\t<div class=\"elementor-element elementor-element-6f8f1e8 e-con-full e-flex e-con e-child\" data-id=\"6f8f1e8\" data-element_type=\"container\">\n\t\t\t\t<div class=\"elementor-element elementor-element-f61fa98 elementor-invisible elementor-widget elementor-widget-text-editor\" data-id=\"f61fa98\" data-element_type=\"widget\" data-settings=\"{&quot;_animation&quot;:&quot;fadeInRight&quot;}\" data-widget_type=\"text-editor.default\">\n\t\t\t\t<div class=\"elementor-widget-container\">\n\t\t\t\t\t\t\t\t\t<p><strong>Enfoque Multidisciplinario:<\/strong>\u00a0<\/p><p>Desde el diagn\u00f3stico hasta la fase final del tratamiento, todas las especialidades odontol\u00f3gicas trabajan en conjunto para abordar cada caso de manera integral. Esta coordinaci\u00f3n permite ofrecer soluciones precisas y personalizadas, asegurando resultados funcionales, est\u00e9ticos y duraderos a largo plazo.<\/p><p>\u00a0<\/p><p><strong>Tratamientos Personalizados:<\/strong>\u00a0<\/p><p>Cada paciente es \u00fanico. Nuestro enfoque multidisciplinario asegura que todas las especialidades odontol\u00f3gicas trabajen de manera coordinada desde el diagn\u00f3stico, dise\u00f1ando soluciones a medida que abordan cada necesidad de forma integral.<\/p><p>\u00a0<\/p><p><strong>Atenci\u00f3n Personalizada<\/strong>:<\/p><p>Nos tomamos el tiempo necesario en cada consulta para comprender a fondo tu caso, ofreciendo un acompa\u00f1amiento cercano y profesional que garantiza la mejor experiencia y resultados \u00f3ptimos.<\/p>\t\t\t\t\t\t\t\t<\/div>\n\t\t\t\t<\/div>\n\t\t\t\t<\/div>\n\t\t<div class=\"elementor-element elementor-element-104e66b e-con-full e-flex e-con e-child\" data-id=\"104e66b\" data-element_type=\"container\">\n\t\t\t\t<div class=\"elementor-element elementor-element-205dbed elementor-invisible elementor-widget elementor-widget-image\" data-id=\"205dbed\" data-element_type=\"widget\" data-settings=\"{&quot;_animation&quot;:&quot;fadeInLeft&quot;}\" data-widget_type=\"image.default\">\n\t\t\t\t<div class=\"elementor-widget-container\">\n\t\t\t\t\t\t\t\t\t\t\t\t\t\t\t<img decoding=\"async\" width=\"545\" height=\"526\" src=\"https:\/\/ortho-rev.cl\/wp-content\/uploads\/2025\/07\/por-que-elegirnos-Ortho-Rev-2-1.webp\" class=\"attachment-full size-full wp-image-1103\" alt=\"\" srcset=\"https:\/\/ortho-rev.cl\/wp-content\/uploads\/2025\/07\/por-que-elegirnos-Ortho-Rev-2-1.webp 545w, https:\/\/ortho-rev.cl\/wp-content\/uploads\/2025\/07\/por-que-elegirnos-Ortho-Rev-2-1-300x290.webp 300w\" sizes=\"(max-width: 545px) 100vw, 545px\" \/>\t\t\t\t\t\t\t\t\t\t\t\t\t\t\t<\/div>\n\t\t\t\t<\/div>\n\t\t\t\t<\/div>\n\t\t\t\t\t<\/div>\n\t\t\t\t<\/div>\n\t\t\t\t<\/div>\n\t\t","protected":false},"excerpt":{"rendered":"<p>En Ortho-Rev brindamos un enfoque multidisciplinario que combina innovaci\u00f3n tecnol\u00f3gica y la experiencia de especialistas en todas las \u00e1reas de la odontolog\u00eda para ofrecer diagn\u00f3sticos precisos y tratamientos personalizados. Diagn\u00f3stico Integral y Preciso: Realizamos una evaluaci\u00f3n completa de la salud bucodental y del sistema dentomaxilofacial mediante tecnolog\u00eda 3D de alta precisi\u00f3n. Este enfoque nos permite [&hellip;]<\/p>\n","protected":false},"author":1,"featured_media":0,"parent":0,"menu_order":0,"comment_status":"closed","ping_status":"closed","template":"elementor_header_footer","meta":{"footnotes":""},"class_list":["post-13","page","type-page","status-publish","hentry"],"yoast_head":"<!-- This site is optimized with the Yoast SEO plugin v25.2 - https:\/\/yoast.com\/wordpress\/plugins\/seo\/ -->\n<title>\u00bfPOR QU\u00c9 ELEGIR OTHO-REV? - ortho-rev<\/title>\n<meta name=\"robots\" content=\"index, follow, max-snippet:-1, max-image-preview:large, max-video-preview:-1\" \/>\n<link rel=\"canonical\" href=\"https:\/\/ortho-rev.cl\/index.php\/por-que-elegirnos\/\" \/>\n<meta property=\"og:locale\" content=\"es_ES\" \/>\n<meta property=\"og:type\" content=\"article\" \/>\n<meta property=\"og:title\" content=\"\u00bfPOR QU\u00c9 ELEGIR OTHO-REV? - ortho-rev\" \/>\n<meta property=\"og:description\" content=\"En Ortho-Rev brindamos un enfoque multidisciplinario que combina innovaci\u00f3n tecnol\u00f3gica y la experiencia de especialistas en todas las \u00e1reas de la odontolog\u00eda para ofrecer diagn\u00f3sticos precisos y tratamientos personalizados. Diagn\u00f3stico Integral y Preciso: Realizamos una evaluaci\u00f3n completa de la salud bucodental y del sistema dentomaxilofacial mediante tecnolog\u00eda 3D de alta precisi\u00f3n. Este enfoque nos permite [&hellip;]\" \/>\n<meta property=\"og:url\" content=\"https:\/\/ortho-rev.cl\/index.php\/por-que-elegirnos\/\" \/>\n<meta property=\"og:site_name\" content=\"ortho-rev\" \/>\n<meta property=\"article:modified_time\" content=\"2025-12-10T19:03:07+00:00\" \/>\n<meta property=\"og:image\" content=\"https:\/\/ortho-rev.cl\/wp-content\/uploads\/2025\/07\/por-que-elegirnos-1.webp\" \/>\n\t<meta property=\"og:image:width\" content=\"545\" \/>\n\t<meta property=\"og:image:height\" content=\"526\" \/>\n\t<meta property=\"og:image:type\" content=\"image\/webp\" \/>\n<meta name=\"twitter:card\" content=\"summary_large_image\" \/>\n<meta name=\"twitter:label1\" content=\"Tiempo de lectura\" \/>\n\t<meta name=\"twitter:data1\" content=\"2 minutos\" \/>\n<script type=\"application\/ld+json\" class=\"yoast-schema-graph\">{\"@context\":\"https:\/\/schema.org\",\"@graph\":[{\"@type\":\"WebPage\",\"@id\":\"https:\/\/ortho-rev.cl\/index.php\/por-que-elegirnos\/\",\"url\":\"https:\/\/ortho-rev.cl\/index.php\/por-que-elegirnos\/\",\"name\":\"\u00bfPOR QU\u00c9 ELEGIR OTHO-REV? - ortho-rev\",\"isPartOf\":{\"@id\":\"https:\/\/ortho-rev.cl\/#website\"},\"primaryImageOfPage\":{\"@id\":\"https:\/\/ortho-rev.cl\/index.php\/por-que-elegirnos\/#primaryimage\"},\"image\":{\"@id\":\"https:\/\/ortho-rev.cl\/index.php\/por-que-elegirnos\/#primaryimage\"},\"thumbnailUrl\":\"https:\/\/ortho-rev.cl\/wp-content\/uploads\/2025\/07\/por-que-elegirnos-1.webp\",\"datePublished\":\"2025-04-19T13:51:10+00:00\",\"dateModified\":\"2025-12-10T19:03:07+00:00\",\"breadcrumb\":{\"@id\":\"https:\/\/ortho-rev.cl\/index.php\/por-que-elegirnos\/#breadcrumb\"},\"inLanguage\":\"es\",\"potentialAction\":[{\"@type\":\"ReadAction\",\"target\":[\"https:\/\/ortho-rev.cl\/index.php\/por-que-elegirnos\/\"]}]},{\"@type\":\"ImageObject\",\"inLanguage\":\"es\",\"@id\":\"https:\/\/ortho-rev.cl\/index.php\/por-que-elegirnos\/#primaryimage\",\"url\":\"https:\/\/ortho-rev.cl\/wp-content\/uploads\/2025\/07\/por-que-elegirnos-1.webp\",\"contentUrl\":\"https:\/\/ortho-rev.cl\/wp-content\/uploads\/2025\/07\/por-que-elegirnos-1.webp\",\"width\":545,\"height\":526},{\"@type\":\"BreadcrumbList\",\"@id\":\"https:\/\/ortho-rev.cl\/index.php\/por-que-elegirnos\/#breadcrumb\",\"itemListElement\":[{\"@type\":\"ListItem\",\"position\":1,\"name\":\"Portada\",\"item\":\"https:\/\/ortho-rev.cl\/\"},{\"@type\":\"ListItem\",\"position\":2,\"name\":\"\u00bfPOR QU\u00c9 ELEGIR OTHO-REV?\"}]},{\"@type\":\"WebSite\",\"@id\":\"https:\/\/ortho-rev.cl\/#website\",\"url\":\"https:\/\/ortho-rev.cl\/\",\"name\":\"ortho-rev\",\"description\":\"En Ortho-Rev combinamos tecnolog\u00eda 3D, experiencia cl\u00ednica y atenci\u00f3n personalizada para dise\u00f1ar tratamientos de ortodoncia precisos y efectivos. Nos enfocamos en la salud integral del sistema dentomaxilofacial, acompa\u00f1\u00e1ndote paso a paso hacia una sonrisa funcional y arm\u00f3nica.\",\"publisher\":{\"@id\":\"https:\/\/ortho-rev.cl\/#organization\"},\"potentialAction\":[{\"@type\":\"SearchAction\",\"target\":{\"@type\":\"EntryPoint\",\"urlTemplate\":\"https:\/\/ortho-rev.cl\/?s={search_term_string}\"},\"query-input\":{\"@type\":\"PropertyValueSpecification\",\"valueRequired\":true,\"valueName\":\"search_term_string\"}}],\"inLanguage\":\"es\"},{\"@type\":\"Organization\",\"@id\":\"https:\/\/ortho-rev.cl\/#organization\",\"name\":\"ortho-rev\",\"url\":\"https:\/\/ortho-rev.cl\/\",\"logo\":{\"@type\":\"ImageObject\",\"inLanguage\":\"es\",\"@id\":\"https:\/\/ortho-rev.cl\/#\/schema\/logo\/image\/\",\"url\":\"https:\/\/ortho-rev.cl\/wp-content\/uploads\/2025\/04\/LOGO-ORTHO-REV-ADVANCED-DENTISTRY-BLANCO.png\",\"contentUrl\":\"https:\/\/ortho-rev.cl\/wp-content\/uploads\/2025\/04\/LOGO-ORTHO-REV-ADVANCED-DENTISTRY-BLANCO.png\",\"width\":2551,\"height\":554,\"caption\":\"ortho-rev\"},\"image\":{\"@id\":\"https:\/\/ortho-rev.cl\/#\/schema\/logo\/image\/\"}}]}<\/script>\n<!-- \/ Yoast SEO plugin. -->","yoast_head_json":{"title":"\u00bfPOR QU\u00c9 ELEGIR OTHO-REV? - ortho-rev","robots":{"index":"index","follow":"follow","max-snippet":"max-snippet:-1","max-image-preview":"max-image-preview:large","max-video-preview":"max-video-preview:-1"},"canonical":"https:\/\/ortho-rev.cl\/index.php\/por-que-elegirnos\/","og_locale":"es_ES","og_type":"article","og_title":"\u00bfPOR QU\u00c9 ELEGIR OTHO-REV? - ortho-rev","og_description":"En Ortho-Rev brindamos un enfoque multidisciplinario que combina innovaci\u00f3n tecnol\u00f3gica y la experiencia de especialistas en todas las \u00e1reas de la odontolog\u00eda para ofrecer diagn\u00f3sticos precisos y tratamientos personalizados. Diagn\u00f3stico Integral y Preciso: Realizamos una evaluaci\u00f3n completa de la salud bucodental y del sistema dentomaxilofacial mediante tecnolog\u00eda 3D de alta precisi\u00f3n. Este enfoque nos permite [&hellip;]","og_url":"https:\/\/ortho-rev.cl\/index.php\/por-que-elegirnos\/","og_site_name":"ortho-rev","article_modified_time":"2025-12-10T19:03:07+00:00","og_image":[{"width":545,"height":526,"url":"https:\/\/ortho-rev.cl\/wp-content\/uploads\/2025\/07\/por-que-elegirnos-1.webp","type":"image\/webp"}],"twitter_card":"summary_large_image","twitter_misc":{"Tiempo de lectura":"2 minutos"},"schema":{"@context":"https:\/\/schema.org","@graph":[{"@type":"WebPage","@id":"https:\/\/ortho-rev.cl\/index.php\/por-que-elegirnos\/","url":"https:\/\/ortho-rev.cl\/index.php\/por-que-elegirnos\/","name":"\u00bfPOR QU\u00c9 ELEGIR OTHO-REV? - ortho-rev","isPartOf":{"@id":"https:\/\/ortho-rev.cl\/#website"},"primaryImageOfPage":{"@id":"https:\/\/ortho-rev.cl\/index.php\/por-que-elegirnos\/#primaryimage"},"image":{"@id":"https:\/\/ortho-rev.cl\/index.php\/por-que-elegirnos\/#primaryimage"},"thumbnailUrl":"https:\/\/ortho-rev.cl\/wp-content\/uploads\/2025\/07\/por-que-elegirnos-1.webp","datePublished":"2025-04-19T13:51:10+00:00","dateModified":"2025-12-10T19:03:07+00:00","breadcrumb":{"@id":"https:\/\/ortho-rev.cl\/index.php\/por-que-elegirnos\/#breadcrumb"},"inLanguage":"es","potentialAction":[{"@type":"ReadAction","target":["https:\/\/ortho-rev.cl\/index.php\/por-que-elegirnos\/"]}]},{"@type":"ImageObject","inLanguage":"es","@id":"https:\/\/ortho-rev.cl\/index.php\/por-que-elegirnos\/#primaryimage","url":"https:\/\/ortho-rev.cl\/wp-content\/uploads\/2025\/07\/por-que-elegirnos-1.webp","contentUrl":"https:\/\/ortho-rev.cl\/wp-content\/uploads\/2025\/07\/por-que-elegirnos-1.webp","width":545,"height":526},{"@type":"BreadcrumbList","@id":"https:\/\/ortho-rev.cl\/index.php\/por-que-elegirnos\/#breadcrumb","itemListElement":[{"@type":"ListItem","position":1,"name":"Portada","item":"https:\/\/ortho-rev.cl\/"},{"@type":"ListItem","position":2,"name":"\u00bfPOR QU\u00c9 ELEGIR OTHO-REV?"}]},{"@type":"WebSite","@id":"https:\/\/ortho-rev.cl\/#website","url":"https:\/\/ortho-rev.cl\/","name":"ortho-rev","description":"En Ortho-Rev combinamos tecnolog\u00eda 3D, experiencia cl\u00ednica y atenci\u00f3n personalizada para dise\u00f1ar tratamientos de ortodoncia precisos y efectivos. Nos enfocamos en la salud integral del sistema dentomaxilofacial, acompa\u00f1\u00e1ndote paso a paso hacia una sonrisa funcional y arm\u00f3nica.","publisher":{"@id":"https:\/\/ortho-rev.cl\/#organization"},"potentialAction":[{"@type":"SearchAction","target":{"@type":"EntryPoint","urlTemplate":"https:\/\/ortho-rev.cl\/?s={search_term_string}"},"query-input":{"@type":"PropertyValueSpecification","valueRequired":true,"valueName":"search_term_string"}}],"inLanguage":"es"},{"@type":"Organization","@id":"https:\/\/ortho-rev.cl\/#organization","name":"ortho-rev","url":"https:\/\/ortho-rev.cl\/","logo":{"@type":"ImageObject","inLanguage":"es","@id":"https:\/\/ortho-rev.cl\/#\/schema\/logo\/image\/","url":"https:\/\/ortho-rev.cl\/wp-content\/uploads\/2025\/04\/LOGO-ORTHO-REV-ADVANCED-DENTISTRY-BLANCO.png","contentUrl":"https:\/\/ortho-rev.cl\/wp-content\/uploads\/2025\/04\/LOGO-ORTHO-REV-ADVANCED-DENTISTRY-BLANCO.png","width":2551,"height":554,"caption":"ortho-rev"},"image":{"@id":"https:\/\/ortho-rev.cl\/#\/schema\/logo\/image\/"}}]}},"jetpack_sharing_enabled":true,"_links":{"self":[{"href":"https:\/\/ortho-rev.cl\/index.php\/wp-json\/wp\/v2\/pages\/13","targetHints":{"allow":["GET"]}}],"collection":[{"href":"https:\/\/ortho-rev.cl\/index.php\/wp-json\/wp\/v2\/pages"}],"about":[{"href":"https:\/\/ortho-rev.cl\/index.php\/wp-json\/wp\/v2\/types\/page"}],"author":[{"embeddable":true,"href":"https:\/\/ortho-rev.cl\/index.php\/wp-json\/wp\/v2\/users\/1"}],"replies":[{"embeddable":true,"href":"https:\/\/ortho-rev.cl\/index.php\/wp-json\/wp\/v2\/comments?post=13"}],"version-history":[{"count":111,"href":"https:\/\/ortho-rev.cl\/index.php\/wp-json\/wp\/v2\/pages\/13\/revisions"}],"predecessor-version":[{"id":1513,"href":"https:\/\/ortho-rev.cl\/index.php\/wp-json\/wp\/v2\/pages\/13\/revisions\/1513"}],"wp:attachment":[{"href":"https:\/\/ortho-rev.cl\/index.php\/wp-json\/wp\/v2\/media?parent=13"}],"curies":[{"name":"wp","href":"https:\/\/api.w.org\/{rel}","templated":true}]}}