{"id":1497,"date":"2025-12-10T18:47:49","date_gmt":"2025-12-10T18:47:49","guid":{"rendered":"https:\/\/ortho-rev.cl\/?page_id=1497"},"modified":"2025-12-10T18:53:42","modified_gmt":"2025-12-10T18:53:42","slug":"otros-espacialistas","status":"publish","type":"page","link":"https:\/\/ortho-rev.cl\/index.php\/otros-espacialistas\/","title":{"rendered":"Otros especialistas"},"content":{"rendered":"\t\t<div data-elementor-type=\"wp-page\" data-elementor-id=\"1497\" class=\"elementor elementor-1497\" data-elementor-post-type=\"page\">\n\t\t\t\t<div class=\"elementor-element elementor-element-982f772 e-con-full e-flex e-con e-parent\" data-id=\"982f772\" data-element_type=\"container\" data-settings=\"{&quot;background_background&quot;:&quot;classic&quot;}\">\n\t\t\t\t<\/div>\n\t\t<div class=\"elementor-element elementor-element-6627e08 e-flex e-con-boxed e-con e-parent\" data-id=\"6627e08\" data-element_type=\"container\">\n\t\t\t\t\t<div class=\"e-con-inner\">\n\t\t\t\t<div class=\"elementor-element elementor-element-bb75e4c elementor-widget elementor-widget-heading\" data-id=\"bb75e4c\" data-element_type=\"widget\" data-widget_type=\"heading.default\">\n\t\t\t\t<div class=\"elementor-widget-container\">\n\t\t\t\t\t<h2 class=\"elementor-heading-title elementor-size-default\">Otros espacialistas<\/h2>\t\t\t\t<\/div>\n\t\t\t\t<\/div>\n\t\t\t\t\t<\/div>\n\t\t\t\t<\/div>\n\t\t<div class=\"elementor-element elementor-element-b067f2d e-flex e-con-boxed e-con e-parent\" data-id=\"b067f2d\" data-element_type=\"container\">\n\t\t\t\t\t<div class=\"e-con-inner\">\n\t\t\t\t<div class=\"elementor-element elementor-element-ba71616 elementor-widget elementor-widget-text-editor\" data-id=\"ba71616\" data-element_type=\"widget\" data-widget_type=\"text-editor.default\">\n\t\t\t\t<div class=\"elementor-widget-container\">\n\t\t\t\t\t\t\t\t\t<p>En Ortho-Rev contamos con un\u00a0<strong>equipo multidisciplinario ampliado<\/strong>, que complementa el trabajo de nuestras especialistas principales.<\/p><p>Entre ellos se incluyen\u00a0<strong>ortodoncistas que colaboran en el desarrollo de tratamientos espec\u00edficos<\/strong>, as\u00ed como un\u00a0<strong>especialista en disfunci\u00f3n temporomandibular (DTM)<\/strong>\u00a0dedicado al diagn\u00f3stico y manejo de alteraciones articulares y musculares que pueden afectar la mordida y la calidad de vida de los pacientes.<\/p><p>Adem\u00e1s, mantenemos una\u00a0<strong>alianza con cirujanos maxilofaciales<\/strong>\u00a0que trabajan en estrecha coordinaci\u00f3n con nuestro equipo cl\u00ednico. Esta colaboraci\u00f3n nos permite abordar con seguridad y eficacia los casos que requieren\u00a0<strong>cirug\u00eda ortogn\u00e1tica o procedimientos quir\u00fargicos complejos<\/strong>, asegurando que cada paciente encuentre dentro de la cl\u00ednica una soluci\u00f3n integral para sus necesidades.<\/p><p>De esta forma, nuestros pacientes se benefician de una atenci\u00f3n\u00a0<strong>completa, coordinada y personalizada<\/strong>, con la confianza de estar siempre respaldados por un\u00a0<strong>equipo de especialistas conectados entre s\u00ed<\/strong>.<\/p>\t\t\t\t\t\t\t\t<\/div>\n\t\t\t\t<\/div>\n\t\t\t\t\t<\/div>\n\t\t\t\t<\/div>\n\t\t\t\t<\/div>\n\t\t","protected":false},"excerpt":{"rendered":"<p>Otros espacialistas En Ortho-Rev contamos con un\u00a0equipo multidisciplinario ampliado, que complementa el trabajo de nuestras especialistas principales. Entre ellos se incluyen\u00a0ortodoncistas que colaboran en el desarrollo de tratamientos espec\u00edficos, as\u00ed como un\u00a0especialista en disfunci\u00f3n temporomandibular (DTM)\u00a0dedicado al diagn\u00f3stico y manejo de alteraciones articulares y musculares que pueden afectar la mordida y la calidad de vida [&hellip;]<\/p>\n","protected":false},"author":3,"featured_media":0,"parent":0,"menu_order":0,"comment_status":"closed","ping_status":"closed","template":"","meta":{"footnotes":""},"class_list":["post-1497","page","type-page","status-publish","hentry"],"yoast_head":"<!-- This site is optimized with the Yoast SEO plugin v25.2 - https:\/\/yoast.com\/wordpress\/plugins\/seo\/ -->\n<title>Otros especialistas - ortho-rev<\/title>\n<meta name=\"robots\" content=\"index, follow, max-snippet:-1, max-image-preview:large, max-video-preview:-1\" \/>\n<link rel=\"canonical\" href=\"https:\/\/ortho-rev.cl\/index.php\/otros-espacialistas\/\" \/>\n<meta property=\"og:locale\" content=\"es_ES\" \/>\n<meta property=\"og:type\" content=\"article\" \/>\n<meta property=\"og:title\" content=\"Otros especialistas - ortho-rev\" \/>\n<meta property=\"og:description\" content=\"Otros espacialistas En Ortho-Rev contamos con un\u00a0equipo multidisciplinario ampliado, que complementa el trabajo de nuestras especialistas principales. Entre ellos se incluyen\u00a0ortodoncistas que colaboran en el desarrollo de tratamientos espec\u00edficos, as\u00ed como un\u00a0especialista en disfunci\u00f3n temporomandibular (DTM)\u00a0dedicado al diagn\u00f3stico y manejo de alteraciones articulares y musculares que pueden afectar la mordida y la calidad de vida [&hellip;]\" \/>\n<meta property=\"og:url\" content=\"https:\/\/ortho-rev.cl\/index.php\/otros-espacialistas\/\" \/>\n<meta property=\"og:site_name\" content=\"ortho-rev\" \/>\n<meta property=\"article:modified_time\" content=\"2025-12-10T18:53:42+00:00\" \/>\n<meta name=\"twitter:card\" content=\"summary_large_image\" \/>\n<meta name=\"twitter:label1\" content=\"Tiempo de lectura\" \/>\n\t<meta name=\"twitter:data1\" content=\"1 minuto\" \/>\n<script type=\"application\/ld+json\" class=\"yoast-schema-graph\">{\"@context\":\"https:\/\/schema.org\",\"@graph\":[{\"@type\":\"WebPage\",\"@id\":\"https:\/\/ortho-rev.cl\/index.php\/otros-espacialistas\/\",\"url\":\"https:\/\/ortho-rev.cl\/index.php\/otros-espacialistas\/\",\"name\":\"Otros especialistas - ortho-rev\",\"isPartOf\":{\"@id\":\"https:\/\/ortho-rev.cl\/#website\"},\"datePublished\":\"2025-12-10T18:47:49+00:00\",\"dateModified\":\"2025-12-10T18:53:42+00:00\",\"breadcrumb\":{\"@id\":\"https:\/\/ortho-rev.cl\/index.php\/otros-espacialistas\/#breadcrumb\"},\"inLanguage\":\"es\",\"potentialAction\":[{\"@type\":\"ReadAction\",\"target\":[\"https:\/\/ortho-rev.cl\/index.php\/otros-espacialistas\/\"]}]},{\"@type\":\"BreadcrumbList\",\"@id\":\"https:\/\/ortho-rev.cl\/index.php\/otros-espacialistas\/#breadcrumb\",\"itemListElement\":[{\"@type\":\"ListItem\",\"position\":1,\"name\":\"Portada\",\"item\":\"https:\/\/ortho-rev.cl\/\"},{\"@type\":\"ListItem\",\"position\":2,\"name\":\"Otros especialistas\"}]},{\"@type\":\"WebSite\",\"@id\":\"https:\/\/ortho-rev.cl\/#website\",\"url\":\"https:\/\/ortho-rev.cl\/\",\"name\":\"ortho-rev\",\"description\":\"En Ortho-Rev combinamos tecnolog\u00eda 3D, experiencia cl\u00ednica y atenci\u00f3n personalizada para dise\u00f1ar tratamientos de ortodoncia precisos y efectivos. Nos enfocamos en la salud integral del sistema dentomaxilofacial, acompa\u00f1\u00e1ndote paso a paso hacia una sonrisa funcional y arm\u00f3nica.\",\"publisher\":{\"@id\":\"https:\/\/ortho-rev.cl\/#organization\"},\"potentialAction\":[{\"@type\":\"SearchAction\",\"target\":{\"@type\":\"EntryPoint\",\"urlTemplate\":\"https:\/\/ortho-rev.cl\/?s={search_term_string}\"},\"query-input\":{\"@type\":\"PropertyValueSpecification\",\"valueRequired\":true,\"valueName\":\"search_term_string\"}}],\"inLanguage\":\"es\"},{\"@type\":\"Organization\",\"@id\":\"https:\/\/ortho-rev.cl\/#organization\",\"name\":\"ortho-rev\",\"url\":\"https:\/\/ortho-rev.cl\/\",\"logo\":{\"@type\":\"ImageObject\",\"inLanguage\":\"es\",\"@id\":\"https:\/\/ortho-rev.cl\/#\/schema\/logo\/image\/\",\"url\":\"https:\/\/ortho-rev.cl\/wp-content\/uploads\/2025\/04\/LOGO-ORTHO-REV-ADVANCED-DENTISTRY-BLANCO.png\",\"contentUrl\":\"https:\/\/ortho-rev.cl\/wp-content\/uploads\/2025\/04\/LOGO-ORTHO-REV-ADVANCED-DENTISTRY-BLANCO.png\",\"width\":2551,\"height\":554,\"caption\":\"ortho-rev\"},\"image\":{\"@id\":\"https:\/\/ortho-rev.cl\/#\/schema\/logo\/image\/\"}}]}<\/script>\n<!-- \/ Yoast SEO plugin. -->","yoast_head_json":{"title":"Otros especialistas - ortho-rev","robots":{"index":"index","follow":"follow","max-snippet":"max-snippet:-1","max-image-preview":"max-image-preview:large","max-video-preview":"max-video-preview:-1"},"canonical":"https:\/\/ortho-rev.cl\/index.php\/otros-espacialistas\/","og_locale":"es_ES","og_type":"article","og_title":"Otros especialistas - ortho-rev","og_description":"Otros espacialistas En Ortho-Rev contamos con un\u00a0equipo multidisciplinario ampliado, que complementa el trabajo de nuestras especialistas principales. Entre ellos se incluyen\u00a0ortodoncistas que colaboran en el desarrollo de tratamientos espec\u00edficos, as\u00ed como un\u00a0especialista en disfunci\u00f3n temporomandibular (DTM)\u00a0dedicado al diagn\u00f3stico y manejo de alteraciones articulares y musculares que pueden afectar la mordida y la calidad de vida [&hellip;]","og_url":"https:\/\/ortho-rev.cl\/index.php\/otros-espacialistas\/","og_site_name":"ortho-rev","article_modified_time":"2025-12-10T18:53:42+00:00","twitter_card":"summary_large_image","twitter_misc":{"Tiempo de lectura":"1 minuto"},"schema":{"@context":"https:\/\/schema.org","@graph":[{"@type":"WebPage","@id":"https:\/\/ortho-rev.cl\/index.php\/otros-espacialistas\/","url":"https:\/\/ortho-rev.cl\/index.php\/otros-espacialistas\/","name":"Otros especialistas - ortho-rev","isPartOf":{"@id":"https:\/\/ortho-rev.cl\/#website"},"datePublished":"2025-12-10T18:47:49+00:00","dateModified":"2025-12-10T18:53:42+00:00","breadcrumb":{"@id":"https:\/\/ortho-rev.cl\/index.php\/otros-espacialistas\/#breadcrumb"},"inLanguage":"es","potentialAction":[{"@type":"ReadAction","target":["https:\/\/ortho-rev.cl\/index.php\/otros-espacialistas\/"]}]},{"@type":"BreadcrumbList","@id":"https:\/\/ortho-rev.cl\/index.php\/otros-espacialistas\/#breadcrumb","itemListElement":[{"@type":"ListItem","position":1,"name":"Portada","item":"https:\/\/ortho-rev.cl\/"},{"@type":"ListItem","position":2,"name":"Otros especialistas"}]},{"@type":"WebSite","@id":"https:\/\/ortho-rev.cl\/#website","url":"https:\/\/ortho-rev.cl\/","name":"ortho-rev","description":"En Ortho-Rev combinamos tecnolog\u00eda 3D, experiencia cl\u00ednica y atenci\u00f3n personalizada para dise\u00f1ar tratamientos de ortodoncia precisos y efectivos. Nos enfocamos en la salud integral del sistema dentomaxilofacial, acompa\u00f1\u00e1ndote paso a paso hacia una sonrisa funcional y arm\u00f3nica.","publisher":{"@id":"https:\/\/ortho-rev.cl\/#organization"},"potentialAction":[{"@type":"SearchAction","target":{"@type":"EntryPoint","urlTemplate":"https:\/\/ortho-rev.cl\/?s={search_term_string}"},"query-input":{"@type":"PropertyValueSpecification","valueRequired":true,"valueName":"search_term_string"}}],"inLanguage":"es"},{"@type":"Organization","@id":"https:\/\/ortho-rev.cl\/#organization","name":"ortho-rev","url":"https:\/\/ortho-rev.cl\/","logo":{"@type":"ImageObject","inLanguage":"es","@id":"https:\/\/ortho-rev.cl\/#\/schema\/logo\/image\/","url":"https:\/\/ortho-rev.cl\/wp-content\/uploads\/2025\/04\/LOGO-ORTHO-REV-ADVANCED-DENTISTRY-BLANCO.png","contentUrl":"https:\/\/ortho-rev.cl\/wp-content\/uploads\/2025\/04\/LOGO-ORTHO-REV-ADVANCED-DENTISTRY-BLANCO.png","width":2551,"height":554,"caption":"ortho-rev"},"image":{"@id":"https:\/\/ortho-rev.cl\/#\/schema\/logo\/image\/"}}]}},"jetpack_sharing_enabled":true,"_links":{"self":[{"href":"https:\/\/ortho-rev.cl\/index.php\/wp-json\/wp\/v2\/pages\/1497","targetHints":{"allow":["GET"]}}],"collection":[{"href":"https:\/\/ortho-rev.cl\/index.php\/wp-json\/wp\/v2\/pages"}],"about":[{"href":"https:\/\/ortho-rev.cl\/index.php\/wp-json\/wp\/v2\/types\/page"}],"author":[{"embeddable":true,"href":"https:\/\/ortho-rev.cl\/index.php\/wp-json\/wp\/v2\/users\/3"}],"replies":[{"embeddable":true,"href":"https:\/\/ortho-rev.cl\/index.php\/wp-json\/wp\/v2\/comments?post=1497"}],"version-history":[{"count":5,"href":"https:\/\/ortho-rev.cl\/index.php\/wp-json\/wp\/v2\/pages\/1497\/revisions"}],"predecessor-version":[{"id":1502,"href":"https:\/\/ortho-rev.cl\/index.php\/wp-json\/wp\/v2\/pages\/1497\/revisions\/1502"}],"wp:attachment":[{"href":"https:\/\/ortho-rev.cl\/index.php\/wp-json\/wp\/v2\/media?parent=1497"}],"curies":[{"name":"wp","href":"https:\/\/api.w.org\/{rel}","templated":true}]}}