{"id":462,"date":"2025-04-30T14:05:58","date_gmt":"2025-04-30T14:05:58","guid":{"rendered":"https:\/\/ortho-rev.cl\/?page_id=462"},"modified":"2025-12-10T18:31:54","modified_gmt":"2025-12-10T18:31:54","slug":"dra-catalina-ros","status":"publish","type":"page","link":"https:\/\/ortho-rev.cl\/index.php\/dra-catalina-ros\/","title":{"rendered":"Dra. Catalina Ros"},"content":{"rendered":"\t\t<div data-elementor-type=\"wp-page\" data-elementor-id=\"462\" class=\"elementor elementor-462\" data-elementor-post-type=\"page\">\n\t\t\t\t<div class=\"elementor-element elementor-element-8a3c585 e-flex e-con-boxed e-con e-parent\" data-id=\"8a3c585\" data-element_type=\"container\" data-settings=\"{&quot;background_background&quot;:&quot;classic&quot;}\">\n\t\t\t\t\t<div class=\"e-con-inner\">\n\t\t<div class=\"elementor-element elementor-element-e7e239a e-con-full e-flex e-con e-child\" data-id=\"e7e239a\" data-element_type=\"container\">\n\t\t\t\t<div class=\"elementor-element elementor-element-da09027 elementor-widget elementor-widget-video\" data-id=\"da09027\" data-element_type=\"widget\" data-settings=\"{&quot;youtube_url&quot;:&quot;https:\\\/\\\/www.youtube.com\\\/watch?v=1kR8Fu0w4AY&quot;,&quot;show_image_overlay&quot;:&quot;yes&quot;,&quot;image_overlay&quot;:{&quot;url&quot;:&quot;https:\\\/\\\/ortho-rev.cl\\\/wp-content\\\/uploads\\\/2025\\\/12\\\/catalina-ros-scaled.webp&quot;,&quot;id&quot;:1482,&quot;size&quot;:&quot;&quot;,&quot;alt&quot;:&quot;&quot;,&quot;source&quot;:&quot;library&quot;},&quot;video_type&quot;:&quot;youtube&quot;,&quot;controls&quot;:&quot;yes&quot;}\" data-widget_type=\"video.default\">\n\t\t\t\t<div class=\"elementor-widget-container\">\n\t\t\t\t\t\t\t<div class=\"elementor-wrapper elementor-open-inline\">\n\t\t\t<div class=\"elementor-video\"><\/div>\t\t\t\t<div class=\"elementor-custom-embed-image-overlay\" style=\"background-image: url(https:\/\/ortho-rev.cl\/wp-content\/uploads\/2025\/12\/catalina-ros-scaled.webp);\">\n\t\t\t\t\t\t\t\t\t\t\t\t\t\t\t\t<div class=\"elementor-custom-embed-play\" role=\"button\" aria-label=\"Reproducir v\u00eddeo\" tabindex=\"0\">\n\t\t\t\t\t\t\t<svg aria-hidden=\"true\" class=\"e-font-icon-svg e-eicon-play\" viewBox=\"0 0 1000 1000\" xmlns=\"http:\/\/www.w3.org\/2000\/svg\"><path d=\"M838 162C746 71 633 25 500 25 371 25 258 71 163 162 71 254 25 367 25 500 25 633 71 746 163 837 254 929 367 979 500 979 633 979 746 933 838 837 929 746 975 633 975 500 975 367 929 254 838 162M808 192C892 279 933 379 933 500 933 621 892 725 808 808 725 892 621 938 500 938 379 938 279 896 196 808 113 725 67 621 67 500 67 379 108 279 196 192 279 108 383 62 500 62 621 62 721 108 808 192M438 392V642L642 517 438 392Z\"><\/path><\/svg>\t\t\t\t\t\t<\/div>\n\t\t\t\t\t\t\t\t\t<\/div>\n\t\t\t\t\t<\/div>\n\t\t\t\t\t\t<\/div>\n\t\t\t\t<\/div>\n\t\t\t\t<div class=\"elementor-element elementor-element-db8a68f elementor-align-center elementor-widget elementor-widget-button\" data-id=\"db8a68f\" data-element_type=\"widget\" data-widget_type=\"button.default\">\n\t\t\t\t<div class=\"elementor-widget-container\">\n\t\t\t\t\t\t\t\t\t<div class=\"elementor-button-wrapper\">\n\t\t\t\t\t<a class=\"elementor-button elementor-button-link elementor-size-sm\" href=\"https:\/\/youtu.be\/1kR8Fu0w4AY\">\n\t\t\t\t\t\t<span class=\"elementor-button-content-wrapper\">\n\t\t\t\t\t\t\t\t\t<span class=\"elementor-button-text\">Ver video<\/span>\n\t\t\t\t\t<\/span>\n\t\t\t\t\t<\/a>\n\t\t\t\t<\/div>\n\t\t\t\t\t\t\t\t<\/div>\n\t\t\t\t<\/div>\n\t\t\t\t<\/div>\n\t\t\t\t\t<\/div>\n\t\t\t\t<\/div>\n\t\t<div class=\"elementor-element elementor-element-dd3cec9 e-flex e-con-boxed e-con e-parent\" data-id=\"dd3cec9\" data-element_type=\"container\" data-settings=\"{&quot;background_background&quot;:&quot;classic&quot;}\">\n\t\t\t\t\t<div class=\"e-con-inner\">\n\t\t<div class=\"elementor-element elementor-element-7862fed e-con-full e-flex elementor-invisible e-con e-child\" data-id=\"7862fed\" data-element_type=\"container\" data-settings=\"{&quot;animation&quot;:&quot;fadeInUp&quot;}\">\n\t\t<div class=\"elementor-element elementor-element-85272a4 e-con-full e-flex e-con e-child\" data-id=\"85272a4\" data-element_type=\"container\">\n\t\t\t\t<div class=\"elementor-element elementor-element-09b9d5e elementor-widget elementor-widget-heading\" data-id=\"09b9d5e\" data-element_type=\"widget\" data-widget_type=\"heading.default\">\n\t\t\t\t<div class=\"elementor-widget-container\">\n\t\t\t\t\t<h2 class=\"elementor-heading-title elementor-size-default\">Dra. Catalina Ros \u2013 Especialista en Ortodoncia y Directora Cl\u00ednica<\/h2>\t\t\t\t<\/div>\n\t\t\t\t<\/div>\n\t\t\t\t<div class=\"elementor-element elementor-element-03492f1 elementor-widget elementor-widget-text-editor\" data-id=\"03492f1\" data-element_type=\"widget\" data-widget_type=\"text-editor.default\">\n\t\t\t\t<div class=\"elementor-widget-container\">\n\t\t\t\t\t\t\t\t\t<p>La Dra. Catalina Ros, Cirujano Dentista con especializaci\u00f3n en Ortodoncia y ortopedia maxilofacial, cuenta con enfoque integral en la correcci\u00f3n de anomal\u00edas dentomaxilofaciales, asegurando no solo una est\u00e9tica dental armoniosa, sino tambi\u00e9n una funcionalidad integral del sistema masticatorio.<\/p><p>Su visi\u00f3n se basa en lograr que cada tratamiento ortod\u00f3ntico sea ejecutado de la manera ideal, optimizando tanto la alineaci\u00f3n dental como la relaci\u00f3n entre los maxilares y las dem\u00e1s estructuras del sistema, lo que resulta en una sonrisa saludable y funcional a largo plazo.<\/p><p>Como Directora Cl\u00ednica de Ortho-Rev, la Dra. Ros trabaja en estrecha colaboraci\u00f3n con un equipo multidisciplinario de especialistas, donde cada \u00e1rea est\u00e1 representada por un experto altamente calificado. Bajo esta filosof\u00eda, desarrolla protocolos de tratamiento integrales con un enfoque personalizado, garantizando resultados estables y funcionales a largo plazo. Su compromiso va m\u00e1s all\u00e1 de la alineaci\u00f3n dental, determinando una posici\u00f3n inicial de tratamiento que contempla la correcta ubicaci\u00f3n de la mand\u00edbula en armon\u00eda con las articulaciones temporomandibulares y la musculatura. Los dientes deben moverse hacia la posici\u00f3n mandibular correcta, en lugar de hacer que la mand\u00edbula se acomode a una oclusi\u00f3n dental impuesta. Establecer esta posici\u00f3n mandibular de manera precisa antes de construir la oclusi\u00f3n dentaria es un diferencial clave para lograr el \u00e9xito a largo plazo en ortodoncia y otros procedimientos odontol\u00f3gicos.<\/p>\t\t\t\t\t\t\t\t<\/div>\n\t\t\t\t<\/div>\n\t\t\t\t<\/div>\n\t\t\t\t<\/div>\n\t\t\t\t<div class=\"elementor-element elementor-element-65bb10d elementor-invisible elementor-widget elementor-widget-heading\" data-id=\"65bb10d\" data-element_type=\"widget\" data-settings=\"{&quot;_animation&quot;:&quot;fadeInDown&quot;}\" data-widget_type=\"heading.default\">\n\t\t\t\t<div class=\"elementor-widget-container\">\n\t\t\t\t\t<h2 class=\"elementor-heading-title elementor-size-default\">\u00c1reas de Especializaci\u00f3n<\/h2>\t\t\t\t<\/div>\n\t\t\t\t<\/div>\n\t\t\t\t<div class=\"elementor-element elementor-element-c442bf4 elementor-widget elementor-widget-text-editor\" data-id=\"c442bf4\" data-element_type=\"widget\" data-widget_type=\"text-editor.default\">\n\t\t\t\t<div class=\"elementor-widget-container\">\n\t\t\t\t\t\t\t\t\t<p><strong>\u00c1reas de Especializaci\u00f3n<\/strong><\/p><p><strong>Diagn\u00f3stico y tratamiento de anomal\u00edas dentomaxilofaciales<\/strong><\/p><p>La Dra. Ros se especializa en la correcci\u00f3n de maloclusiones y deformidades dentomaxilofaciales, utilizando un enfoque integral que no solo busca una alineaci\u00f3n dental adecuada, sino tambi\u00e9n una correcta relaci\u00f3n de las estructuras maxilofaciales. Emplea tecnolog\u00edas avanzadas, como CBCT, resonancia magn\u00e9tica y articulador virtual, para realizar diagn\u00f3sticos precisos y desarrollar planes de tratamiento que optimicen la funcionalidad del sistema masticatorio, logrando una correcci\u00f3n ideal que se adapta a las necesidades de cada paciente.<\/p><p><strong>Tecnolog\u00eda de diagn\u00f3stico 3D integrado<\/strong>: El uso de tecnolog\u00edas de diagn\u00f3stico 3D, como el CBCT, resonancia magn\u00e9tica y el articulador virtual, permite a la Dra. Ros realizar un an\u00e1lisis detallado de cada paciente. Esto no solo optimiza la planificaci\u00f3n del tratamiento ortod\u00f3ntico, sino que tambi\u00e9n facilita la creaci\u00f3n de mec\u00e1nicas ortod\u00f3nticas personalizadas, promoviendo una funcionalidad integral del sistema masticatorio. La Dra. Ros utiliza estas herramientas para asegurarse de que cada movimiento dental sea preciso, logrando una mejora significativa en la oclusi\u00f3n y la funci\u00f3n masticatoria de manera ideal.<\/p><p><strong>Enfoque Integral en Ortodoncia: <\/strong>Con su equipo altamente capacitado, la Dra. Ros asegura que cada tratamiento ortod\u00f3ntico se enfoque en la integraci\u00f3n de todos los componentes del sistema masticatorio. Esto incluye no solo los dientes, sino tambi\u00e9n los maxilares, los tejidos blandos y la articulaci\u00f3n temporomandibular (ATM), asegurando que la correcci\u00f3n ortod\u00f3ntica logre una funcionalidad integral. Su metodolog\u00eda se basa en establecer primero la posici\u00f3n mandibular correcta y, a partir de ah\u00ed, construir la oclusi\u00f3n dentaria, lo que permite resultados m\u00e1s estables y funcionales a largo plazo. Adem\u00e1s, implementa mec\u00e1nicas de tratamiento con anclaje esquel\u00e9tico temporal para optimizar la eficiencia del movimiento dental, reducir la necesidad de extracciones dentarias y lograr una mejor estabilidad en los tratamientos ortod\u00f3nticos.<\/p><p><strong>Colaboraci\u00f3n Interdisciplinaria para Resultados \u00d3ptimos: <\/strong>La Dra. Ros trabaja en conjunto con especialistas en cada \u00e1rea odontol\u00f3gica, incluyendo periodoncia, rehabilitaci\u00f3n oral, disfunci\u00f3n temporomandibular y cirug\u00eda maxilofacial entre otras. Esta colaboraci\u00f3n constante permite que cada tratamiento ortod\u00f3ntico est\u00e9 perfectamente integrado con otras \u00e1reas de la odontolog\u00eda, promoviendo una soluci\u00f3n m\u00e1s completa y efectiva. Gracias a esta coordinaci\u00f3n interdisciplinaria, los resultados no solo son est\u00e9ticamente satisfactorios, sino que tambi\u00e9n aseguran una funcionalidad integral del sistema masticatorio, evitando recidivas y problemas futuros relacionados con la mordida y la salud de los tejidos bucales.<\/p><p><strong>Formaci\u00f3n de un equipo de alto rendimiento: <\/strong>Un aspecto fundamental que distingue a la Dra. Ros es su compromiso con la formaci\u00f3n de un equipo de trabajo que comparte su visi\u00f3n de alcanzar la excelencia en cada tratamiento. Desde el uso de tecnolog\u00eda avanzada hasta la atenci\u00f3n personalizada, su equipo se dedica a asegurar que cada aspecto del tratamiento sea ejecutado de manera ideal, con un enfoque en la funcionalidad integral del sistema masticatorio. Esta visi\u00f3n compartida es lo que permite a Ortho-Rev ofrecer resultados consistentes y de alta calidad, garantizando tanto la salud dental como la est\u00e9tica de cada paciente.<\/p><p><b>Con su enfoque en la excelencia y su habilidad para formar un equipo comprometido, la Dra. Catalina Ros asegura que cada paciente reciba un tratamiento ortod\u00f3ncico u odontol\u00f3gico ideal, que no solo mejora la est\u00e9tica dental, sino que tambi\u00e9n promueve una funcionalidad integral del sistema masticatorio, mejorando la calidad de vida a largo plazo.<\/b><\/p>\t\t\t\t\t\t\t\t<\/div>\n\t\t\t\t<\/div>\n\t\t\t\t\t<\/div>\n\t\t\t\t<\/div>\n\t\t\t\t<\/div>\n\t\t","protected":false},"excerpt":{"rendered":"<p>Ver video Dra. Catalina Ros \u2013 Especialista en Ortodoncia y Directora Cl\u00ednica La Dra. Catalina Ros, Cirujano Dentista con especializaci\u00f3n en Ortodoncia y ortopedia maxilofacial, cuenta con enfoque integral en la correcci\u00f3n de anomal\u00edas dentomaxilofaciales, asegurando no solo una est\u00e9tica dental armoniosa, sino tambi\u00e9n una funcionalidad integral del sistema masticatorio. Su visi\u00f3n se basa en [&hellip;]<\/p>\n","protected":false},"author":1,"featured_media":0,"parent":0,"menu_order":0,"comment_status":"closed","ping_status":"closed","template":"elementor_header_footer","meta":{"footnotes":""},"class_list":["post-462","page","type-page","status-publish","hentry"],"yoast_head":"<!-- This site is optimized with the Yoast SEO plugin v25.2 - https:\/\/yoast.com\/wordpress\/plugins\/seo\/ -->\n<title>Dra. Catalina Ros - ortho-rev<\/title>\n<meta name=\"robots\" content=\"index, follow, max-snippet:-1, max-image-preview:large, max-video-preview:-1\" \/>\n<link rel=\"canonical\" href=\"https:\/\/ortho-rev.cl\/index.php\/dra-catalina-ros\/\" \/>\n<meta property=\"og:locale\" content=\"es_ES\" \/>\n<meta property=\"og:type\" content=\"article\" \/>\n<meta property=\"og:title\" content=\"Dra. Catalina Ros - ortho-rev\" \/>\n<meta property=\"og:description\" content=\"Ver video Dra. Catalina Ros \u2013 Especialista en Ortodoncia y Directora Cl\u00ednica La Dra. Catalina Ros, Cirujano Dentista con especializaci\u00f3n en Ortodoncia y ortopedia maxilofacial, cuenta con enfoque integral en la correcci\u00f3n de anomal\u00edas dentomaxilofaciales, asegurando no solo una est\u00e9tica dental armoniosa, sino tambi\u00e9n una funcionalidad integral del sistema masticatorio. Su visi\u00f3n se basa en [&hellip;]\" \/>\n<meta property=\"og:url\" content=\"https:\/\/ortho-rev.cl\/index.php\/dra-catalina-ros\/\" \/>\n<meta property=\"og:site_name\" content=\"ortho-rev\" \/>\n<meta property=\"article:modified_time\" content=\"2025-12-10T18:31:54+00:00\" \/>\n<meta name=\"twitter:card\" content=\"summary_large_image\" \/>\n<meta name=\"twitter:label1\" content=\"Tiempo de lectura\" \/>\n\t<meta name=\"twitter:data1\" content=\"4 minutos\" \/>\n<script type=\"application\/ld+json\" class=\"yoast-schema-graph\">{\"@context\":\"https:\/\/schema.org\",\"@graph\":[{\"@type\":\"WebPage\",\"@id\":\"https:\/\/ortho-rev.cl\/index.php\/dra-catalina-ros\/\",\"url\":\"https:\/\/ortho-rev.cl\/index.php\/dra-catalina-ros\/\",\"name\":\"Dra. Catalina Ros - ortho-rev\",\"isPartOf\":{\"@id\":\"https:\/\/ortho-rev.cl\/#website\"},\"datePublished\":\"2025-04-30T14:05:58+00:00\",\"dateModified\":\"2025-12-10T18:31:54+00:00\",\"breadcrumb\":{\"@id\":\"https:\/\/ortho-rev.cl\/index.php\/dra-catalina-ros\/#breadcrumb\"},\"inLanguage\":\"es\",\"potentialAction\":[{\"@type\":\"ReadAction\",\"target\":[\"https:\/\/ortho-rev.cl\/index.php\/dra-catalina-ros\/\"]}]},{\"@type\":\"BreadcrumbList\",\"@id\":\"https:\/\/ortho-rev.cl\/index.php\/dra-catalina-ros\/#breadcrumb\",\"itemListElement\":[{\"@type\":\"ListItem\",\"position\":1,\"name\":\"Portada\",\"item\":\"https:\/\/ortho-rev.cl\/\"},{\"@type\":\"ListItem\",\"position\":2,\"name\":\"Dra. Catalina Ros\"}]},{\"@type\":\"WebSite\",\"@id\":\"https:\/\/ortho-rev.cl\/#website\",\"url\":\"https:\/\/ortho-rev.cl\/\",\"name\":\"ortho-rev\",\"description\":\"En Ortho-Rev combinamos tecnolog\u00eda 3D, experiencia cl\u00ednica y atenci\u00f3n personalizada para dise\u00f1ar tratamientos de ortodoncia precisos y efectivos. Nos enfocamos en la salud integral del sistema dentomaxilofacial, acompa\u00f1\u00e1ndote paso a paso hacia una sonrisa funcional y arm\u00f3nica.\",\"publisher\":{\"@id\":\"https:\/\/ortho-rev.cl\/#organization\"},\"potentialAction\":[{\"@type\":\"SearchAction\",\"target\":{\"@type\":\"EntryPoint\",\"urlTemplate\":\"https:\/\/ortho-rev.cl\/?s={search_term_string}\"},\"query-input\":{\"@type\":\"PropertyValueSpecification\",\"valueRequired\":true,\"valueName\":\"search_term_string\"}}],\"inLanguage\":\"es\"},{\"@type\":\"Organization\",\"@id\":\"https:\/\/ortho-rev.cl\/#organization\",\"name\":\"ortho-rev\",\"url\":\"https:\/\/ortho-rev.cl\/\",\"logo\":{\"@type\":\"ImageObject\",\"inLanguage\":\"es\",\"@id\":\"https:\/\/ortho-rev.cl\/#\/schema\/logo\/image\/\",\"url\":\"https:\/\/ortho-rev.cl\/wp-content\/uploads\/2025\/04\/LOGO-ORTHO-REV-ADVANCED-DENTISTRY-BLANCO.png\",\"contentUrl\":\"https:\/\/ortho-rev.cl\/wp-content\/uploads\/2025\/04\/LOGO-ORTHO-REV-ADVANCED-DENTISTRY-BLANCO.png\",\"width\":2551,\"height\":554,\"caption\":\"ortho-rev\"},\"image\":{\"@id\":\"https:\/\/ortho-rev.cl\/#\/schema\/logo\/image\/\"}}]}<\/script>\n<!-- \/ Yoast SEO plugin. -->","yoast_head_json":{"title":"Dra. Catalina Ros - ortho-rev","robots":{"index":"index","follow":"follow","max-snippet":"max-snippet:-1","max-image-preview":"max-image-preview:large","max-video-preview":"max-video-preview:-1"},"canonical":"https:\/\/ortho-rev.cl\/index.php\/dra-catalina-ros\/","og_locale":"es_ES","og_type":"article","og_title":"Dra. Catalina Ros - ortho-rev","og_description":"Ver video Dra. Catalina Ros \u2013 Especialista en Ortodoncia y Directora Cl\u00ednica La Dra. Catalina Ros, Cirujano Dentista con especializaci\u00f3n en Ortodoncia y ortopedia maxilofacial, cuenta con enfoque integral en la correcci\u00f3n de anomal\u00edas dentomaxilofaciales, asegurando no solo una est\u00e9tica dental armoniosa, sino tambi\u00e9n una funcionalidad integral del sistema masticatorio. Su visi\u00f3n se basa en [&hellip;]","og_url":"https:\/\/ortho-rev.cl\/index.php\/dra-catalina-ros\/","og_site_name":"ortho-rev","article_modified_time":"2025-12-10T18:31:54+00:00","twitter_card":"summary_large_image","twitter_misc":{"Tiempo de lectura":"4 minutos"},"schema":{"@context":"https:\/\/schema.org","@graph":[{"@type":"WebPage","@id":"https:\/\/ortho-rev.cl\/index.php\/dra-catalina-ros\/","url":"https:\/\/ortho-rev.cl\/index.php\/dra-catalina-ros\/","name":"Dra. Catalina Ros - ortho-rev","isPartOf":{"@id":"https:\/\/ortho-rev.cl\/#website"},"datePublished":"2025-04-30T14:05:58+00:00","dateModified":"2025-12-10T18:31:54+00:00","breadcrumb":{"@id":"https:\/\/ortho-rev.cl\/index.php\/dra-catalina-ros\/#breadcrumb"},"inLanguage":"es","potentialAction":[{"@type":"ReadAction","target":["https:\/\/ortho-rev.cl\/index.php\/dra-catalina-ros\/"]}]},{"@type":"BreadcrumbList","@id":"https:\/\/ortho-rev.cl\/index.php\/dra-catalina-ros\/#breadcrumb","itemListElement":[{"@type":"ListItem","position":1,"name":"Portada","item":"https:\/\/ortho-rev.cl\/"},{"@type":"ListItem","position":2,"name":"Dra. Catalina Ros"}]},{"@type":"WebSite","@id":"https:\/\/ortho-rev.cl\/#website","url":"https:\/\/ortho-rev.cl\/","name":"ortho-rev","description":"En Ortho-Rev combinamos tecnolog\u00eda 3D, experiencia cl\u00ednica y atenci\u00f3n personalizada para dise\u00f1ar tratamientos de ortodoncia precisos y efectivos. Nos enfocamos en la salud integral del sistema dentomaxilofacial, acompa\u00f1\u00e1ndote paso a paso hacia una sonrisa funcional y arm\u00f3nica.","publisher":{"@id":"https:\/\/ortho-rev.cl\/#organization"},"potentialAction":[{"@type":"SearchAction","target":{"@type":"EntryPoint","urlTemplate":"https:\/\/ortho-rev.cl\/?s={search_term_string}"},"query-input":{"@type":"PropertyValueSpecification","valueRequired":true,"valueName":"search_term_string"}}],"inLanguage":"es"},{"@type":"Organization","@id":"https:\/\/ortho-rev.cl\/#organization","name":"ortho-rev","url":"https:\/\/ortho-rev.cl\/","logo":{"@type":"ImageObject","inLanguage":"es","@id":"https:\/\/ortho-rev.cl\/#\/schema\/logo\/image\/","url":"https:\/\/ortho-rev.cl\/wp-content\/uploads\/2025\/04\/LOGO-ORTHO-REV-ADVANCED-DENTISTRY-BLANCO.png","contentUrl":"https:\/\/ortho-rev.cl\/wp-content\/uploads\/2025\/04\/LOGO-ORTHO-REV-ADVANCED-DENTISTRY-BLANCO.png","width":2551,"height":554,"caption":"ortho-rev"},"image":{"@id":"https:\/\/ortho-rev.cl\/#\/schema\/logo\/image\/"}}]}},"jetpack_sharing_enabled":true,"_links":{"self":[{"href":"https:\/\/ortho-rev.cl\/index.php\/wp-json\/wp\/v2\/pages\/462","targetHints":{"allow":["GET"]}}],"collection":[{"href":"https:\/\/ortho-rev.cl\/index.php\/wp-json\/wp\/v2\/pages"}],"about":[{"href":"https:\/\/ortho-rev.cl\/index.php\/wp-json\/wp\/v2\/types\/page"}],"author":[{"embeddable":true,"href":"https:\/\/ortho-rev.cl\/index.php\/wp-json\/wp\/v2\/users\/1"}],"replies":[{"embeddable":true,"href":"https:\/\/ortho-rev.cl\/index.php\/wp-json\/wp\/v2\/comments?post=462"}],"version-history":[{"count":25,"href":"https:\/\/ortho-rev.cl\/index.php\/wp-json\/wp\/v2\/pages\/462\/revisions"}],"predecessor-version":[{"id":1485,"href":"https:\/\/ortho-rev.cl\/index.php\/wp-json\/wp\/v2\/pages\/462\/revisions\/1485"}],"wp:attachment":[{"href":"https:\/\/ortho-rev.cl\/index.php\/wp-json\/wp\/v2\/media?parent=462"}],"curies":[{"name":"wp","href":"https:\/\/api.w.org\/{rel}","templated":true}]}}