{"id":540,"date":"2025-04-30T19:12:51","date_gmt":"2025-04-30T19:12:51","guid":{"rendered":"https:\/\/ortho-rev.cl\/?post_type=product&#038;p=540"},"modified":"2026-02-12T11:52:38","modified_gmt":"2026-02-12T11:52:38","slug":"digital-pase-for-face","status":"publish","type":"product","link":"https:\/\/ortho-rev.cl\/index.php\/producto\/digital-pase-for-face\/","title":{"rendered":"Digital phase for FACE 2025"},"content":{"rendered":"<h2 data-start=\"403\" data-end=\"426\">Highlights del curso<\/h2>\n<ul data-start=\"428\" data-end=\"1251\">\n<li data-start=\"428\" data-end=\"562\">\n<p data-start=\"430\" data-end=\"562\">Integraci\u00f3n de <strong data-start=\"445\" data-end=\"497\">CBCT, resonancia magn\u00e9tica y articulador virtual<\/strong> como parte del diagn\u00f3stico tridimensional aplicado a la cl\u00ednica.<\/p>\n<\/li>\n<li data-start=\"563\" data-end=\"644\">\n<p data-start=\"565\" data-end=\"644\"><strong data-start=\"565\" data-end=\"592\">Diagn\u00f3stico 3D integral<\/strong>, tanto en pacientes en crecimiento como en adultos.<\/p>\n<\/li>\n<li data-start=\"645\" data-end=\"787\">\n<p data-start=\"647\" data-end=\"787\">Evaluaci\u00f3n tridimensional comparativa en el tiempo: evoluci\u00f3n normal, cambios en pacientes con patolog\u00eda y resultados en pacientes tratados.<\/p>\n<\/li>\n<li data-start=\"788\" data-end=\"900\">\n<p data-start=\"790\" data-end=\"900\">Evaluaci\u00f3n tridimensional de la <strong data-start=\"822\" data-end=\"856\">articulaci\u00f3n temporomandibular<\/strong> y an\u00e1lisis de distintos tipos de asimetr\u00eda.<\/p>\n<\/li>\n<li data-start=\"901\" data-end=\"979\">\n<p data-start=\"903\" data-end=\"979\">Seguimiento cl\u00ednico y evoluci\u00f3n de tratamientos con <strong data-start=\"955\" data-end=\"978\">anclaje esquel\u00e9tico<\/strong>.<\/p>\n<\/li>\n<li data-start=\"980\" data-end=\"1071\">\n<p data-start=\"982\" data-end=\"1071\">Montaje y an\u00e1lisis en <strong data-start=\"1004\" data-end=\"1027\">articulador virtual<\/strong> para optimizar planificaci\u00f3n y tratamiento.<\/p>\n<\/li>\n<li data-start=\"1072\" data-end=\"1157\">\n<p data-start=\"1074\" data-end=\"1157\">Estabilidad mandibular, finalizaci\u00f3n y aplicaci\u00f3n cl\u00ednica de la oclusi\u00f3n funcional.<\/p>\n<\/li>\n<li data-start=\"1158\" data-end=\"1251\">\n<p data-start=\"1160\" data-end=\"1251\">Aplicaci\u00f3n cl\u00ednica adaptable a distintas filosof\u00edas y sistemas de aparatolog\u00eda ortod\u00f3ncica.<\/p>\n<\/li>\n<\/ul>\n<hr data-start=\"1253\" data-end=\"1256\" \/>\n<h2 data-start=\"1258\" data-end=\"1283\">Modalidad y estructura<\/h2>\n<p data-start=\"1285\" data-end=\"1413\">El programa se desarrolla en <strong data-start=\"1314\" data-end=\"1333\">formato h\u00edbrido<\/strong>, combinando instancias presenciales intensivas con aprendizaje online continuo.<\/p>\n<ul data-start=\"1415\" data-end=\"1762\">\n<li data-start=\"1415\" data-end=\"1465\">\n<p data-start=\"1417\" data-end=\"1465\"><strong data-start=\"1417\" data-end=\"1430\">Duraci\u00f3n:<\/strong> 5 meses de aprendizaje progresivo.<\/p>\n<\/li>\n<li data-start=\"1466\" data-end=\"1514\">\n<p data-start=\"1468\" data-end=\"1514\">M\u00f3dulo presencial inicial intensivo de 5 d\u00edas.<\/p>\n<\/li>\n<li data-start=\"1515\" data-end=\"1644\">\n<p data-start=\"1517\" data-end=\"1644\">Plataforma e-learning con gu\u00edas de estudio dise\u00f1adas para el curso, art\u00edculos cient\u00edficos seleccionados y tutoriales semanales.<\/p>\n<\/li>\n<li data-start=\"1645\" data-end=\"1692\">\n<p data-start=\"1647\" data-end=\"1692\">Sesiones online en vivo de discusi\u00f3n cl\u00ednica.<\/p>\n<\/li>\n<li data-start=\"1693\" data-end=\"1762\">\n<p data-start=\"1695\" data-end=\"1762\">M\u00f3dulo presencial final de 5 d\u00edas para consolidaci\u00f3n de contenidos.<\/p>\n<\/li>\n<\/ul>\n<hr data-start=\"1764\" data-end=\"1767\" \/>\n<h2 data-start=\"1769\" data-end=\"1797\">Enfoque y valor formativo<\/h2>\n<ul data-start=\"1799\" data-end=\"2281\">\n<li data-start=\"1799\" data-end=\"1864\">\n<p data-start=\"1801\" data-end=\"1864\">No se requiere computador especializado ni software espec\u00edfico.<\/p>\n<\/li>\n<li data-start=\"1865\" data-end=\"1969\">\n<p data-start=\"1867\" data-end=\"1969\">Enfoque centrado en el <strong data-start=\"1890\" data-end=\"1937\">valor cl\u00ednico de las herramientas digitales<\/strong>, m\u00e1s all\u00e1 de su manejo t\u00e9cnico.<\/p>\n<\/li>\n<li data-start=\"1970\" data-end=\"2032\">\n<p data-start=\"1972\" data-end=\"2032\">Optimizaci\u00f3n de la toma de decisiones en la pr\u00e1ctica diaria.<\/p>\n<\/li>\n<li data-start=\"2033\" data-end=\"2104\">\n<p data-start=\"2035\" data-end=\"2104\">Comprensi\u00f3n de la evidencia cient\u00edfica y su impacto en la ortodoncia.<\/p>\n<\/li>\n<li data-start=\"2105\" data-end=\"2212\">\n<p data-start=\"2107\" data-end=\"2212\">Gu\u00edas para el dise\u00f1o digital de <strong data-start=\"2139\" data-end=\"2180\">gu\u00edas quir\u00fargicas y f\u00e9rulas oclusales<\/strong>, utilizando software accesible.<\/p>\n<\/li>\n<li data-start=\"2213\" data-end=\"2281\">\n<p data-start=\"2215\" data-end=\"2281\">Acompa\u00f1amiento docente continuo durante todo el proceso formativo.<\/p>\n<\/li>\n<\/ul>\n<p data-start=\"2283\" data-end=\"2497\">Digital Phase for FACE propone una formaci\u00f3n integral que combina experiencia cl\u00ednica, estructura acad\u00e9mica y herramientas digitales avanzadas, orientada a ampliar la visi\u00f3n diagn\u00f3stica y terap\u00e9utica en ortodoncia.<\/p>\n","protected":false},"excerpt":{"rendered":"<div id=\"panels\" class=\"style-scope ytd-watch-flexy\">\n<div id=\"content\" class=\"style-scope ytd-engagement-panel-section-list-renderer\">\n<div id=\"content\" class=\"style-scope ytd-transcript-renderer\">\n<div id=\"body\" class=\"style-scope ytd-transcript-search-panel-renderer\">\n<div id=\"segments-container\" class=\"style-scope ytd-transcript-segment-list-renderer\"><\/div>\n<\/div>\n<div id=\"footer\" class=\"style-scope ytd-transcript-search-panel-renderer\">\n<div id=\"menu\" class=\"style-scope ytd-transcript-footer-renderer\">\n<div id=\"trigger\" class=\"style-scope tp-yt-paper-menu-button\">\n<div id=\"label-text\" class=\"style-scope yt-dropdown-menu\">El curso integra los fundamentos de la oclusi\u00f3n funcional con el diagn\u00f3stico tridimensional y las herramientas digitales actuales, con aplicaci\u00f3n directa en la planificaci\u00f3n e individualizaci\u00f3n de las mec\u00e1nicas de tratamiento, orientado a favorecer estabilidad y predictibilidad a largo plazo.<\/div>\n<\/div>\n<\/div>\n<\/div>\n<\/div>\n<div id=\"footer\" class=\"style-scope ytd-transcript-renderer\"><\/div>\n<\/div>\n<div id=\"footer\" class=\"style-scope ytd-engagement-panel-section-list-renderer\"><\/div>\n<\/div>\n<div id=\"chat-container\" class=\"style-scope ytd-watch-flexy\"><\/div>\n","protected":false},"featured_media":1669,"comment_status":"open","ping_status":"closed","template":"","meta":[],"product_brand":[],"product_cat":[18],"product_tag":[20,19],"class_list":{"0":"post-540","1":"product","2":"type-product","3":"status-publish","4":"has-post-thumbnail","6":"product_cat-cursos","7":"product_tag-3d","8":"product_tag-face","10":"first","11":"outofstock","12":"shipping-taxable","13":"product-type-simple"},"yoast_head":"<!-- This site is optimized with the Yoast SEO plugin v25.2 - https:\/\/yoast.com\/wordpress\/plugins\/seo\/ -->\n<title>Digital phase for FACE 2025 - ortho-rev<\/title>\n<meta name=\"robots\" content=\"index, follow, max-snippet:-1, max-image-preview:large, max-video-preview:-1\" \/>\n<link rel=\"canonical\" href=\"https:\/\/ortho-rev.cl\/index.php\/producto\/digital-pase-for-face\/\" \/>\n<meta property=\"og:locale\" content=\"es_ES\" \/>\n<meta property=\"og:type\" content=\"article\" \/>\n<meta property=\"og:title\" content=\"Digital phase for FACE 2025 - ortho-rev\" \/>\n<meta property=\"og:description\" content=\"El curso integra los fundamentos de la oclusi\u00f3n funcional con el diagn\u00f3stico tridimensional y las herramientas digitales actuales, con aplicaci\u00f3n directa en la planificaci\u00f3n e individualizaci\u00f3n de las mec\u00e1nicas de tratamiento, orientado a favorecer estabilidad y predictibilidad a largo plazo.\" \/>\n<meta property=\"og:url\" content=\"https:\/\/ortho-rev.cl\/index.php\/producto\/digital-pase-for-face\/\" \/>\n<meta property=\"og:site_name\" content=\"ortho-rev\" \/>\n<meta property=\"article:modified_time\" content=\"2026-02-12T11:52:38+00:00\" \/>\n<meta property=\"og:image\" content=\"https:\/\/ortho-rev.cl\/wp-content\/uploads\/2025\/04\/Copy-of-CHILE-MAYO-2025-3-scaled.png\" \/>\n\t<meta property=\"og:image:width\" content=\"2560\" \/>\n\t<meta property=\"og:image:height\" content=\"2560\" \/>\n\t<meta property=\"og:image:type\" content=\"image\/png\" \/>\n<meta name=\"twitter:card\" content=\"summary_large_image\" \/>\n<meta name=\"twitter:label1\" content=\"Tiempo de lectura\" \/>\n\t<meta name=\"twitter:data1\" content=\"2 minutos\" \/>\n<script type=\"application\/ld+json\" class=\"yoast-schema-graph\">{\"@context\":\"https:\/\/schema.org\",\"@graph\":[{\"@type\":\"WebPage\",\"@id\":\"https:\/\/ortho-rev.cl\/index.php\/producto\/digital-pase-for-face\/\",\"url\":\"https:\/\/ortho-rev.cl\/index.php\/producto\/digital-pase-for-face\/\",\"name\":\"Digital phase for FACE 2025 - ortho-rev\",\"isPartOf\":{\"@id\":\"https:\/\/ortho-rev.cl\/#website\"},\"primaryImageOfPage\":{\"@id\":\"https:\/\/ortho-rev.cl\/index.php\/producto\/digital-pase-for-face\/#primaryimage\"},\"image\":{\"@id\":\"https:\/\/ortho-rev.cl\/index.php\/producto\/digital-pase-for-face\/#primaryimage\"},\"thumbnailUrl\":\"https:\/\/ortho-rev.cl\/wp-content\/uploads\/2025\/04\/Copy-of-CHILE-MAYO-2025-3-scaled.png\",\"datePublished\":\"2025-04-30T19:12:51+00:00\",\"dateModified\":\"2026-02-12T11:52:38+00:00\",\"breadcrumb\":{\"@id\":\"https:\/\/ortho-rev.cl\/index.php\/producto\/digital-pase-for-face\/#breadcrumb\"},\"inLanguage\":\"es\",\"potentialAction\":[{\"@type\":\"ReadAction\",\"target\":[\"https:\/\/ortho-rev.cl\/index.php\/producto\/digital-pase-for-face\/\"]}]},{\"@type\":\"ImageObject\",\"inLanguage\":\"es\",\"@id\":\"https:\/\/ortho-rev.cl\/index.php\/producto\/digital-pase-for-face\/#primaryimage\",\"url\":\"https:\/\/ortho-rev.cl\/wp-content\/uploads\/2025\/04\/Copy-of-CHILE-MAYO-2025-3-scaled.png\",\"contentUrl\":\"https:\/\/ortho-rev.cl\/wp-content\/uploads\/2025\/04\/Copy-of-CHILE-MAYO-2025-3-scaled.png\",\"width\":2560,\"height\":2560},{\"@type\":\"BreadcrumbList\",\"@id\":\"https:\/\/ortho-rev.cl\/index.php\/producto\/digital-pase-for-face\/#breadcrumb\",\"itemListElement\":[{\"@type\":\"ListItem\",\"position\":1,\"name\":\"Portada\",\"item\":\"https:\/\/ortho-rev.cl\/\"},{\"@type\":\"ListItem\",\"position\":2,\"name\":\"Productos\",\"item\":\"https:\/\/ortho-rev.cl\/index.php\/productos\/\"},{\"@type\":\"ListItem\",\"position\":3,\"name\":\"Digital phase for FACE 2025\"}]},{\"@type\":\"WebSite\",\"@id\":\"https:\/\/ortho-rev.cl\/#website\",\"url\":\"https:\/\/ortho-rev.cl\/\",\"name\":\"ortho-rev\",\"description\":\"En Ortho-Rev combinamos tecnolog\u00eda 3D, experiencia cl\u00ednica y atenci\u00f3n personalizada para dise\u00f1ar tratamientos de ortodoncia precisos y efectivos. Nos enfocamos en la salud integral del sistema dentomaxilofacial, acompa\u00f1\u00e1ndote paso a paso hacia una sonrisa funcional y arm\u00f3nica.\",\"publisher\":{\"@id\":\"https:\/\/ortho-rev.cl\/#organization\"},\"potentialAction\":[{\"@type\":\"SearchAction\",\"target\":{\"@type\":\"EntryPoint\",\"urlTemplate\":\"https:\/\/ortho-rev.cl\/?s={search_term_string}\"},\"query-input\":{\"@type\":\"PropertyValueSpecification\",\"valueRequired\":true,\"valueName\":\"search_term_string\"}}],\"inLanguage\":\"es\"},{\"@type\":\"Organization\",\"@id\":\"https:\/\/ortho-rev.cl\/#organization\",\"name\":\"ortho-rev\",\"url\":\"https:\/\/ortho-rev.cl\/\",\"logo\":{\"@type\":\"ImageObject\",\"inLanguage\":\"es\",\"@id\":\"https:\/\/ortho-rev.cl\/#\/schema\/logo\/image\/\",\"url\":\"https:\/\/ortho-rev.cl\/wp-content\/uploads\/2025\/04\/LOGO-ORTHO-REV-ADVANCED-DENTISTRY-BLANCO.png\",\"contentUrl\":\"https:\/\/ortho-rev.cl\/wp-content\/uploads\/2025\/04\/LOGO-ORTHO-REV-ADVANCED-DENTISTRY-BLANCO.png\",\"width\":2551,\"height\":554,\"caption\":\"ortho-rev\"},\"image\":{\"@id\":\"https:\/\/ortho-rev.cl\/#\/schema\/logo\/image\/\"}}]}<\/script>\n<!-- \/ Yoast SEO plugin. -->","yoast_head_json":{"title":"Digital phase for FACE 2025 - ortho-rev","robots":{"index":"index","follow":"follow","max-snippet":"max-snippet:-1","max-image-preview":"max-image-preview:large","max-video-preview":"max-video-preview:-1"},"canonical":"https:\/\/ortho-rev.cl\/index.php\/producto\/digital-pase-for-face\/","og_locale":"es_ES","og_type":"article","og_title":"Digital phase for FACE 2025 - ortho-rev","og_description":"El curso integra los fundamentos de la oclusi\u00f3n funcional con el diagn\u00f3stico tridimensional y las herramientas digitales actuales, con aplicaci\u00f3n directa en la planificaci\u00f3n e individualizaci\u00f3n de las mec\u00e1nicas de tratamiento, orientado a favorecer estabilidad y predictibilidad a largo plazo.","og_url":"https:\/\/ortho-rev.cl\/index.php\/producto\/digital-pase-for-face\/","og_site_name":"ortho-rev","article_modified_time":"2026-02-12T11:52:38+00:00","og_image":[{"width":2560,"height":2560,"url":"https:\/\/ortho-rev.cl\/wp-content\/uploads\/2025\/04\/Copy-of-CHILE-MAYO-2025-3-scaled.png","type":"image\/png"}],"twitter_card":"summary_large_image","twitter_misc":{"Tiempo de lectura":"2 minutos"},"schema":{"@context":"https:\/\/schema.org","@graph":[{"@type":"WebPage","@id":"https:\/\/ortho-rev.cl\/index.php\/producto\/digital-pase-for-face\/","url":"https:\/\/ortho-rev.cl\/index.php\/producto\/digital-pase-for-face\/","name":"Digital phase for FACE 2025 - ortho-rev","isPartOf":{"@id":"https:\/\/ortho-rev.cl\/#website"},"primaryImageOfPage":{"@id":"https:\/\/ortho-rev.cl\/index.php\/producto\/digital-pase-for-face\/#primaryimage"},"image":{"@id":"https:\/\/ortho-rev.cl\/index.php\/producto\/digital-pase-for-face\/#primaryimage"},"thumbnailUrl":"https:\/\/ortho-rev.cl\/wp-content\/uploads\/2025\/04\/Copy-of-CHILE-MAYO-2025-3-scaled.png","datePublished":"2025-04-30T19:12:51+00:00","dateModified":"2026-02-12T11:52:38+00:00","breadcrumb":{"@id":"https:\/\/ortho-rev.cl\/index.php\/producto\/digital-pase-for-face\/#breadcrumb"},"inLanguage":"es","potentialAction":[{"@type":"ReadAction","target":["https:\/\/ortho-rev.cl\/index.php\/producto\/digital-pase-for-face\/"]}]},{"@type":"ImageObject","inLanguage":"es","@id":"https:\/\/ortho-rev.cl\/index.php\/producto\/digital-pase-for-face\/#primaryimage","url":"https:\/\/ortho-rev.cl\/wp-content\/uploads\/2025\/04\/Copy-of-CHILE-MAYO-2025-3-scaled.png","contentUrl":"https:\/\/ortho-rev.cl\/wp-content\/uploads\/2025\/04\/Copy-of-CHILE-MAYO-2025-3-scaled.png","width":2560,"height":2560},{"@type":"BreadcrumbList","@id":"https:\/\/ortho-rev.cl\/index.php\/producto\/digital-pase-for-face\/#breadcrumb","itemListElement":[{"@type":"ListItem","position":1,"name":"Portada","item":"https:\/\/ortho-rev.cl\/"},{"@type":"ListItem","position":2,"name":"Productos","item":"https:\/\/ortho-rev.cl\/index.php\/productos\/"},{"@type":"ListItem","position":3,"name":"Digital phase for FACE 2025"}]},{"@type":"WebSite","@id":"https:\/\/ortho-rev.cl\/#website","url":"https:\/\/ortho-rev.cl\/","name":"ortho-rev","description":"En Ortho-Rev combinamos tecnolog\u00eda 3D, experiencia cl\u00ednica y atenci\u00f3n personalizada para dise\u00f1ar tratamientos de ortodoncia precisos y efectivos. Nos enfocamos en la salud integral del sistema dentomaxilofacial, acompa\u00f1\u00e1ndote paso a paso hacia una sonrisa funcional y arm\u00f3nica.","publisher":{"@id":"https:\/\/ortho-rev.cl\/#organization"},"potentialAction":[{"@type":"SearchAction","target":{"@type":"EntryPoint","urlTemplate":"https:\/\/ortho-rev.cl\/?s={search_term_string}"},"query-input":{"@type":"PropertyValueSpecification","valueRequired":true,"valueName":"search_term_string"}}],"inLanguage":"es"},{"@type":"Organization","@id":"https:\/\/ortho-rev.cl\/#organization","name":"ortho-rev","url":"https:\/\/ortho-rev.cl\/","logo":{"@type":"ImageObject","inLanguage":"es","@id":"https:\/\/ortho-rev.cl\/#\/schema\/logo\/image\/","url":"https:\/\/ortho-rev.cl\/wp-content\/uploads\/2025\/04\/LOGO-ORTHO-REV-ADVANCED-DENTISTRY-BLANCO.png","contentUrl":"https:\/\/ortho-rev.cl\/wp-content\/uploads\/2025\/04\/LOGO-ORTHO-REV-ADVANCED-DENTISTRY-BLANCO.png","width":2551,"height":554,"caption":"ortho-rev"},"image":{"@id":"https:\/\/ortho-rev.cl\/#\/schema\/logo\/image\/"}}]}},"jetpack_sharing_enabled":true,"_links":{"self":[{"href":"https:\/\/ortho-rev.cl\/index.php\/wp-json\/wp\/v2\/product\/540","targetHints":{"allow":["GET"]}}],"collection":[{"href":"https:\/\/ortho-rev.cl\/index.php\/wp-json\/wp\/v2\/product"}],"about":[{"href":"https:\/\/ortho-rev.cl\/index.php\/wp-json\/wp\/v2\/types\/product"}],"replies":[{"embeddable":true,"href":"https:\/\/ortho-rev.cl\/index.php\/wp-json\/wp\/v2\/comments?post=540"}],"wp:featuredmedia":[{"embeddable":true,"href":"https:\/\/ortho-rev.cl\/index.php\/wp-json\/wp\/v2\/media\/1669"}],"wp:attachment":[{"href":"https:\/\/ortho-rev.cl\/index.php\/wp-json\/wp\/v2\/media?parent=540"}],"wp:term":[{"taxonomy":"product_brand","embeddable":true,"href":"https:\/\/ortho-rev.cl\/index.php\/wp-json\/wp\/v2\/product_brand?post=540"},{"taxonomy":"product_cat","embeddable":true,"href":"https:\/\/ortho-rev.cl\/index.php\/wp-json\/wp\/v2\/product_cat?post=540"},{"taxonomy":"product_tag","embeddable":true,"href":"https:\/\/ortho-rev.cl\/index.php\/wp-json\/wp\/v2\/product_tag?post=540"}],"curies":[{"name":"wp","href":"https:\/\/api.w.org\/{rel}","templated":true}]}}